{"id":1412,"date":"2022-08-10T19:51:15","date_gmt":"2022-08-10T17:51:15","guid":{"rendered":"https:\/\/media4people.com\/sancak\/?page_id=1412"},"modified":"2022-08-13T13:52:30","modified_gmt":"2022-08-13T11:52:30","slug":"dolunay","status":"publish","type":"page","link":"https:\/\/www.ahmetsancak.com\/biyografi\/dolunay\/","title":{"rendered":"Dolunay"},"content":{"rendered":"\t\t<div data-elementor-type=\"wp-page\" data-elementor-id=\"1412\" class=\"elementor elementor-1412\" data-elementor-post-type=\"page\">\n\t\t\t\t\t\t<section class=\"elementor-section elementor-top-section elementor-element elementor-element-7d38ed51 elementor-section-boxed elementor-section-height-default elementor-section-height-default\" data-id=\"7d38ed51\" data-element_type=\"section\" data-settings=\"{&quot;background_background&quot;:&quot;classic&quot;}\">\n\t\t\t\t\t\t\t<div class=\"elementor-background-overlay\"><\/div>\n\t\t\t\t\t\t\t<div class=\"elementor-container elementor-column-gap-no\">\n\t\t\t\t\t<div class=\"elementor-column elementor-col-100 elementor-top-column elementor-element elementor-element-39b9207b\" data-id=\"39b9207b\" data-element_type=\"column\">\n\t\t\t<div class=\"elementor-widget-wrap elementor-element-populated\">\n\t\t\t\t\t\t<div class=\"elementor-element elementor-element-83e7bff elementor-widget elementor-widget-heading\" data-id=\"83e7bff\" data-element_type=\"widget\" data-widget_type=\"heading.default\">\n\t\t\t\t<div class=\"elementor-widget-container\">\n\t\t\t<style>\/*! elementor - v3.20.0 - 13-03-2024 *\/\n.elementor-heading-title{padding:0;margin:0;line-height:1}.elementor-widget-heading .elementor-heading-title[class*=elementor-size-]>a{color:inherit;font-size:inherit;line-height:inherit}.elementor-widget-heading .elementor-heading-title.elementor-size-small{font-size:15px}.elementor-widget-heading .elementor-heading-title.elementor-size-medium{font-size:19px}.elementor-widget-heading .elementor-heading-title.elementor-size-large{font-size:29px}.elementor-widget-heading .elementor-heading-title.elementor-size-xl{font-size:39px}.elementor-widget-heading .elementor-heading-title.elementor-size-xxl{font-size:59px}<\/style><h2 class=\"elementor-heading-title elementor-size-default\">Dolunay<\/h2>\t\t<\/div>\n\t\t\t\t<\/div>\n\t\t\t\t\t<\/div>\n\t\t<\/div>\n\t\t\t\t\t<\/div>\n\t\t<\/section>\n\t\t\t\t<section class=\"elementor-section elementor-top-section elementor-element elementor-element-6eaa85df elementor-section-boxed elementor-section-height-default elementor-section-height-default\" data-id=\"6eaa85df\" data-element_type=\"section\" data-settings=\"{&quot;background_background&quot;:&quot;classic&quot;}\">\n\t\t\t\t\t\t<div class=\"elementor-container elementor-column-gap-no\">\n\t\t\t\t\t<div class=\"elementor-column elementor-col-100 elementor-top-column elementor-element elementor-element-453492f8\" data-id=\"453492f8\" data-element_type=\"column\">\n\t\t\t<div class=\"elementor-widget-wrap elementor-element-populated\">\n\t\t\t\t\t\t<section class=\"elementor-section elementor-inner-section elementor-element elementor-element-ea5afcf elementor-section-boxed elementor-section-height-default elementor-section-height-default\" data-id=\"ea5afcf\" data-element_type=\"section\">\n\t\t\t\t\t\t<div class=\"elementor-container elementor-column-gap-default\">\n\t\t\t\t\t<div class=\"elementor-column elementor-col-50 elementor-inner-column elementor-element elementor-element-4b42d40\" data-id=\"4b42d40\" data-element_type=\"column\">\n\t\t\t<div class=\"elementor-widget-wrap elementor-element-populated\">\n\t\t\t\t\t\t<div class=\"elementor-element elementor-element-5f13fa2 elementor-widget elementor-widget-image\" data-id=\"5f13fa2\" data-element_type=\"widget\" data-widget_type=\"image.default\">\n\t\t\t\t<div class=\"elementor-widget-container\">\n\t\t\t<style>\/*! elementor - v3.20.0 - 13-03-2024 *\/\n.elementor-widget-image{text-align:center}.elementor-widget-image a{display:inline-block}.elementor-widget-image a img[src$=\".svg\"]{width:48px}.elementor-widget-image img{vertical-align:middle;display:inline-block}<\/style>\t\t\t\t\t\t\t\t\t\t<img fetchpriority=\"high\" decoding=\"async\" width=\"370\" height=\"370\" src=\"https:\/\/www.ahmetsancak.com\/wp-content\/uploads\/2022\/08\/dolunay-1.jpg\" class=\"attachment-large size-large wp-image-265\" alt=\"\" srcset=\"https:\/\/www.ahmetsancak.com\/wp-content\/uploads\/2022\/08\/dolunay-1.jpg 370w, https:\/\/www.ahmetsancak.com\/wp-content\/uploads\/2022\/08\/dolunay-1-300x300.jpg 300w, https:\/\/www.ahmetsancak.com\/wp-content\/uploads\/2022\/08\/dolunay-1-150x150.jpg 150w\" sizes=\"(max-width: 370px) 100vw, 370px\" \/>\t\t\t\t\t\t\t\t\t\t\t\t\t<\/div>\n\t\t\t\t<\/div>\n\t\t\t\t\t<\/div>\n\t\t<\/div>\n\t\t\t\t<div class=\"elementor-column elementor-col-50 elementor-inner-column elementor-element elementor-element-8fd1f2a\" data-id=\"8fd1f2a\" data-element_type=\"column\">\n\t\t\t<div class=\"elementor-widget-wrap elementor-element-populated\">\n\t\t\t\t\t\t<div class=\"elementor-element elementor-element-e68dd86 elementor-widget elementor-widget-text-editor\" data-id=\"e68dd86\" data-element_type=\"widget\" data-widget_type=\"text-editor.default\">\n\t\t\t\t<div class=\"elementor-widget-container\">\n\t\t\t<style>\/*! elementor - v3.20.0 - 13-03-2024 *\/\n.elementor-widget-text-editor.elementor-drop-cap-view-stacked .elementor-drop-cap{background-color:#69727d;color:#fff}.elementor-widget-text-editor.elementor-drop-cap-view-framed .elementor-drop-cap{color:#69727d;border:3px solid;background-color:transparent}.elementor-widget-text-editor:not(.elementor-drop-cap-view-default) .elementor-drop-cap{margin-top:8px}.elementor-widget-text-editor:not(.elementor-drop-cap-view-default) .elementor-drop-cap-letter{width:1em;height:1em}.elementor-widget-text-editor .elementor-drop-cap{float:left;text-align:center;line-height:1;font-size:50px}.elementor-widget-text-editor .elementor-drop-cap-letter{display:inline-block}<\/style>\t\t\t\t<p>Ahmet Sancak\u2019tan Duygusal \u015eiirler 2014 y\u0131l\u0131nda \u201c\u00d6rt \u00dcst\u00fcme Sesini\u201d adl\u0131 \u015fiir kitab\u0131n\u0131 yay\u0131nlayan \u015fair Ahmet Sancak, bu kez \u201cDolunay\u201d isimli \u015fiir alb\u00fcm\u00fc ile sevenlerine merhaba dedi. Hen\u00fcz piyasaya \u00e7\u0131kan alb\u00fcm, sanat ve \u015fiir sevenlerin olduk\u00e7a be\u011fenisini toplayacak gibi g\u00f6r\u00fcn\u00fcyor. \u201cSarma\u015f\u0131k nas\u0131l sar\u0131ld\u0131\u011f\u0131 her yeri istila ederse, a\u015fk da girdi\u011fi kalbi ve v\u00fccudu \u00f6ylece istila eder\u201d diyen sanat\u00e7\u0131 \u201cBu kez y\u00fcre\u011fimden gelen sesimle, s\u00f6z\u00fcmle size en samimi duygular\u0131m\u0131 iletmek istedim\u201d diyor. 10 \u015fiir ve 2 enstr\u00fcmantal eserden olu\u015fan Dolunay isimli bu g\u00fczel alb\u00fcm\u00fcn m\u00fczik direkt\u00f6rl\u00fc\u011f\u00fcn\u00fc Erk H\u00fcseyin K\u00f6ro\u011flu, sanat y\u00f6netmenli\u011fini ise Ya\u015far Bedri \u00d6zdemir \u00fcstlendi.<\/p>\t\t\t\t\t\t<\/div>\n\t\t\t\t<\/div>\n\t\t\t\t<div class=\"elementor-element elementor-element-b34d9e3 elementor-widget elementor-widget-text-editor\" data-id=\"b34d9e3\" data-element_type=\"widget\" data-widget_type=\"text-editor.default\">\n\t\t\t\t<div class=\"elementor-widget-container\">\n\t\t\t\t\t\t\t<div class=\"wp-playlist wp-audio-playlist wp-playlist-light\">\n\t\t\t<div class=\"wp-playlist-current-item\"><\/div>\n\t\t<audio controls=\"controls\" preload=\"none\" width=\"778\"\n\t\t\t><\/audio>\n\t<div class=\"wp-playlist-next\"><\/div>\n\t<div class=\"wp-playlist-prev\"><\/div>\n\t<noscript>\n\t<ol>\n\t\t<li><a href='https:\/\/www.ahmetsancak.com\/wp-content\/uploads\/2022\/08\/01_birrueya.mp3'>Bir R\u00fcya<\/a><\/li><li><a href='https:\/\/www.ahmetsancak.com\/wp-content\/uploads\/2022\/08\/02_nazdeniz.mp3'>Naz Deniz<\/a><\/li><li><a href='https:\/\/www.ahmetsancak.com\/wp-content\/uploads\/2022\/08\/03-oertuestumesesini-1.mp3'>\u00d6rt \u00dcst\u00fcme Sesini<\/a><\/li><li><a href='https:\/\/www.ahmetsancak.com\/wp-content\/uploads\/2022\/08\/04_DolunAy.mp3'>Dolunay<\/a><\/li><li><a href='https:\/\/www.ahmetsancak.com\/wp-content\/uploads\/2022\/08\/05-dolan-goezler.mp3'>Dolan G\u00f6zler<\/a><\/li><li><a href='https:\/\/www.ahmetsancak.com\/wp-content\/uploads\/2022\/08\/06_DerdiGuzelAdam.mp3'>Derdig\u00fczel Adam<\/a><\/li><li><a href='https:\/\/www.ahmetsancak.com\/wp-content\/uploads\/2022\/08\/07_Hatiralar.mp3'>Hat\u0131ralar<\/a><\/li><li><a href='https:\/\/www.ahmetsancak.com\/wp-content\/uploads\/2022\/08\/08_EskiYaralarim.mp3'>Eski Yaralar\u0131m<\/a><\/li><li><a href='https:\/\/www.ahmetsancak.com\/wp-content\/uploads\/2022\/08\/10_SonsuzaYuruyus.mp3'>Sonsuza Y\u00fcr\u00fcy\u00fc\u015f<\/a><\/li><li><a href='https:\/\/www.ahmetsancak.com\/wp-content\/uploads\/2022\/08\/09_Hayat.mp3'>Hayat<\/a><\/li>\t<\/ol>\n\t<\/noscript>\n\t<script type=\"application\/json\" class=\"wp-playlist-script\">{\"type\":\"audio\",\"tracklist\":true,\"tracknumbers\":true,\"images\":true,\"artists\":true,\"tracks\":[{\"src\":\"https:\/\/www.ahmetsancak.com\/wp-content\/uploads\/2022\/08\/01_birrueya.mp3\",\"type\":\"audio\/mpeg\",\"title\":\"Bir R\\u00fcya\",\"caption\":\"\",\"description\":\"Bir R\\u00fcya\",\"meta\":{\"length_formatted\":\"4:19\"},\"image\":{\"src\":\"https:\/\/www.ahmetsancak.com\/wp-includes\/images\/media\/audio.svg\",\"width\":48,\"height\":64},\"thumb\":{\"src\":\"https:\/\/www.ahmetsancak.com\/wp-includes\/images\/media\/audio.svg\",\"width\":48,\"height\":64}},{\"src\":\"https:\/\/www.ahmetsancak.com\/wp-content\/uploads\/2022\/08\/02_nazdeniz.mp3\",\"type\":\"audio\/mpeg\",\"title\":\"Naz Deniz\",\"caption\":\"\",\"description\":\"Naz Deniz\",\"meta\":{\"length_formatted\":\"4:22\"},\"image\":{\"src\":\"https:\/\/www.ahmetsancak.com\/wp-includes\/images\/media\/audio.svg\",\"width\":48,\"height\":64},\"thumb\":{\"src\":\"https:\/\/www.ahmetsancak.com\/wp-includes\/images\/media\/audio.svg\",\"width\":48,\"height\":64}},{\"src\":\"https:\/\/www.ahmetsancak.com\/wp-content\/uploads\/2022\/08\/03-oertuestumesesini-1.mp3\",\"type\":\"audio\/mpeg\",\"title\":\"\\u00d6rt \\u00dcst\\u00fcme Sesini\",\"caption\":\"\",\"description\":\"\\u00d6rt \\u00dcst\\u00fcme Sesini\",\"meta\":{\"length_formatted\":\"4:27\"},\"image\":{\"src\":\"https:\/\/www.ahmetsancak.com\/wp-includes\/images\/media\/audio.svg\",\"width\":48,\"height\":64},\"thumb\":{\"src\":\"https:\/\/www.ahmetsancak.com\/wp-includes\/images\/media\/audio.svg\",\"width\":48,\"height\":64}},{\"src\":\"https:\/\/www.ahmetsancak.com\/wp-content\/uploads\/2022\/08\/04_DolunAy.mp3\",\"type\":\"audio\/mpeg\",\"title\":\"Dolunay\",\"caption\":\"\",\"description\":\"Dolunay\",\"meta\":{\"length_formatted\":\"5:08\"},\"image\":{\"src\":\"https:\/\/www.ahmetsancak.com\/wp-includes\/images\/media\/audio.svg\",\"width\":48,\"height\":64},\"thumb\":{\"src\":\"https:\/\/www.ahmetsancak.com\/wp-includes\/images\/media\/audio.svg\",\"width\":48,\"height\":64}},{\"src\":\"https:\/\/www.ahmetsancak.com\/wp-content\/uploads\/2022\/08\/05-dolan-goezler.mp3\",\"type\":\"audio\/mpeg\",\"title\":\"Dolan G\\u00f6zler\",\"caption\":\"\",\"description\":\"Dolan G\\u00f6zler\",\"meta\":{\"length_formatted\":\"3:31\"},\"image\":{\"src\":\"https:\/\/www.ahmetsancak.com\/wp-includes\/images\/media\/audio.svg\",\"width\":48,\"height\":64},\"thumb\":{\"src\":\"https:\/\/www.ahmetsancak.com\/wp-includes\/images\/media\/audio.svg\",\"width\":48,\"height\":64}},{\"src\":\"https:\/\/www.ahmetsancak.com\/wp-content\/uploads\/2022\/08\/06_DerdiGuzelAdam.mp3\",\"type\":\"audio\/mpeg\",\"title\":\"Derdig\\u00fczel Adam\",\"caption\":\"\",\"description\":\"Derdig\\u00fczel Adam\",\"meta\":{\"length_formatted\":\"4:43\"},\"image\":{\"src\":\"https:\/\/www.ahmetsancak.com\/wp-includes\/images\/media\/audio.svg\",\"width\":48,\"height\":64},\"thumb\":{\"src\":\"https:\/\/www.ahmetsancak.com\/wp-includes\/images\/media\/audio.svg\",\"width\":48,\"height\":64}},{\"src\":\"https:\/\/www.ahmetsancak.com\/wp-content\/uploads\/2022\/08\/07_Hatiralar.mp3\",\"type\":\"audio\/mpeg\",\"title\":\"Hat\\u0131ralar\",\"caption\":\"\",\"description\":\"Hat\\u0131ralar\",\"meta\":{\"length_formatted\":\"4:35\"},\"image\":{\"src\":\"https:\/\/www.ahmetsancak.com\/wp-includes\/images\/media\/audio.svg\",\"width\":48,\"height\":64},\"thumb\":{\"src\":\"https:\/\/www.ahmetsancak.com\/wp-includes\/images\/media\/audio.svg\",\"width\":48,\"height\":64}},{\"src\":\"https:\/\/www.ahmetsancak.com\/wp-content\/uploads\/2022\/08\/08_EskiYaralarim.mp3\",\"type\":\"audio\/mpeg\",\"title\":\"Eski Yaralar\\u0131m\",\"caption\":\"\",\"description\":\"Eski Yaralar\\u0131m\",\"meta\":{\"length_formatted\":\"5:19\"},\"image\":{\"src\":\"https:\/\/www.ahmetsancak.com\/wp-includes\/images\/media\/audio.svg\",\"width\":48,\"height\":64},\"thumb\":{\"src\":\"https:\/\/www.ahmetsancak.com\/wp-includes\/images\/media\/audio.svg\",\"width\":48,\"height\":64}},{\"src\":\"https:\/\/www.ahmetsancak.com\/wp-content\/uploads\/2022\/08\/10_SonsuzaYuruyus.mp3\",\"type\":\"audio\/mpeg\",\"title\":\"Sonsuza Y\\u00fcr\\u00fcy\\u00fc\\u015f\",\"caption\":\"\",\"description\":\"Sonsuza Y\\u00fcr\\u00fcy\\u00fc\\u015f\",\"meta\":{\"length_formatted\":\"4:42\"},\"image\":{\"src\":\"https:\/\/www.ahmetsancak.com\/wp-includes\/images\/media\/audio.svg\",\"width\":48,\"height\":64},\"thumb\":{\"src\":\"https:\/\/www.ahmetsancak.com\/wp-includes\/images\/media\/audio.svg\",\"width\":48,\"height\":64}},{\"src\":\"https:\/\/www.ahmetsancak.com\/wp-content\/uploads\/2022\/08\/09_Hayat.mp3\",\"type\":\"audio\/mpeg\",\"title\":\"Hayat\",\"caption\":\"\",\"description\":\"Hayat\",\"meta\":{\"length_formatted\":\"4:47\"},\"image\":{\"src\":\"https:\/\/www.ahmetsancak.com\/wp-includes\/images\/media\/audio.svg\",\"width\":48,\"height\":64},\"thumb\":{\"src\":\"https:\/\/www.ahmetsancak.com\/wp-includes\/images\/media\/audio.svg\",\"width\":48,\"height\":64}}]}<\/script>\n<\/div>\n\t\t\t\t\t\t\t<\/div>\n\t\t\t\t<\/div>\n\t\t\t\t\t<\/div>\n\t\t<\/div>\n\t\t\t\t\t<\/div>\n\t\t<\/section>\n\t\t\t\t\t<\/div>\n\t\t<\/div>\n\t\t\t\t\t<\/div>\n\t\t<\/section>\n\t\t\t\t<section class=\"elementor-section elementor-top-section elementor-element elementor-element-d474cac elementor-section-boxed elementor-section-height-default elementor-section-height-default\" data-id=\"d474cac\" data-element_type=\"section\">\n\t\t\t\t\t\t<div class=\"elementor-container elementor-column-gap-default\">\n\t\t\t\t\t<div class=\"elementor-column elementor-col-100 elementor-top-column elementor-element elementor-element-6beac05\" data-id=\"6beac05\" data-element_type=\"column\">\n\t\t\t<div class=\"elementor-widget-wrap elementor-element-populated\">\n\t\t\t\t\t\t<div class=\"elementor-element elementor-element-57e569c elementor-widget elementor-widget-video\" data-id=\"57e569c\" data-element_type=\"widget\" data-settings=\"{&quot;youtube_url&quot;:&quot;https:\\\/\\\/youtu.be\\\/CpCKNz2-Cec&quot;,&quot;video_type&quot;:&quot;youtube&quot;,&quot;controls&quot;:&quot;yes&quot;}\" data-widget_type=\"video.default\">\n\t\t\t\t<div class=\"elementor-widget-container\">\n\t\t\t<style>\/*! elementor - v3.20.0 - 13-03-2024 *\/\n.elementor-widget-video .elementor-widget-container{overflow:hidden;transform:translateZ(0)}.elementor-widget-video .elementor-wrapper{aspect-ratio:var(--video-aspect-ratio)}.elementor-widget-video .elementor-wrapper iframe,.elementor-widget-video .elementor-wrapper video{height:100%;width:100%;display:flex;border:none;background-color:#000}@supports not (aspect-ratio:1\/1){.elementor-widget-video .elementor-wrapper{position:relative;overflow:hidden;height:0;padding-bottom:calc(100% \/ var(--video-aspect-ratio))}.elementor-widget-video .elementor-wrapper iframe,.elementor-widget-video .elementor-wrapper video{position:absolute;top:0;right:0;bottom:0;left:0}}.elementor-widget-video .elementor-open-inline .elementor-custom-embed-image-overlay{position:absolute;top:0;right:0;bottom:0;left:0;background-size:cover;background-position:50%}.elementor-widget-video .elementor-custom-embed-image-overlay{cursor:pointer;text-align:center}.elementor-widget-video .elementor-custom-embed-image-overlay:hover .elementor-custom-embed-play i{opacity:1}.elementor-widget-video .elementor-custom-embed-image-overlay img{display:block;width:100%;aspect-ratio:var(--video-aspect-ratio);-o-object-fit:cover;object-fit:cover;-o-object-position:center center;object-position:center center}@supports not (aspect-ratio:1\/1){.elementor-widget-video .elementor-custom-embed-image-overlay{position:relative;overflow:hidden;height:0;padding-bottom:calc(100% \/ var(--video-aspect-ratio))}.elementor-widget-video .elementor-custom-embed-image-overlay img{position:absolute;top:0;right:0;bottom:0;left:0}}.elementor-widget-video .e-hosted-video .elementor-video{-o-object-fit:cover;object-fit:cover}.e-con-inner>.elementor-widget-video,.e-con>.elementor-widget-video{width:var(--container-widget-width);--flex-grow:var(--container-widget-flex-grow)}<\/style>\t\t<div class=\"elementor-wrapper elementor-open-inline\">\n\t\t\t<div class=\"elementor-video\"><\/div>\t\t<\/div>\n\t\t\t\t<\/div>\n\t\t\t\t<\/div>\n\t\t\t\t\t<\/div>\n\t\t<\/div>\n\t\t\t\t\t<\/div>\n\t\t<\/section>\n\t\t\t\t<\/div>\n\t\t","protected":false},"excerpt":{"rendered":"<p>Dolunay Ahmet Sancak\u2019tan Duygusal \u015eiirler 2014 y\u0131l\u0131nda \u201c\u00d6rt \u00dcst\u00fcme Sesini\u201d adl\u0131 \u015fiir kitab\u0131n\u0131 yay\u0131nlayan \u015fair Ahmet Sancak, bu kez \u201cDolunay\u201d isimli \u015fiir alb\u00fcm\u00fc ile sevenlerine merhaba dedi. Hen\u00fcz piyasaya \u00e7\u0131kan alb\u00fcm, sanat ve \u015fiir sevenlerin olduk\u00e7a be\u011fenisini toplayacak gibi g\u00f6r\u00fcn\u00fcyor. \u201cSarma\u015f\u0131k nas\u0131l sar\u0131ld\u0131\u011f\u0131 her yeri istila ederse, a\u015fk da girdi\u011fi kalbi ve v\u00fccudu \u00f6ylece istila [&hellip;]<\/p>\n","protected":false},"author":1,"featured_media":0,"parent":0,"menu_order":0,"comment_status":"closed","ping_status":"closed","template":"elementor_header_footer","meta":{"footnotes":""},"class_list":["post-1412","page","type-page","status-publish","hentry"],"_links":{"self":[{"href":"https:\/\/www.ahmetsancak.com\/biyografi\/wp-json\/wp\/v2\/pages\/1412","targetHints":{"allow":["GET"]}}],"collection":[{"href":"https:\/\/www.ahmetsancak.com\/biyografi\/wp-json\/wp\/v2\/pages"}],"about":[{"href":"https:\/\/www.ahmetsancak.com\/biyografi\/wp-json\/wp\/v2\/types\/page"}],"author":[{"embeddable":true,"href":"https:\/\/www.ahmetsancak.com\/biyografi\/wp-json\/wp\/v2\/users\/1"}],"replies":[{"embeddable":true,"href":"https:\/\/www.ahmetsancak.com\/biyografi\/wp-json\/wp\/v2\/comments?post=1412"}],"version-history":[{"count":13,"href":"https:\/\/www.ahmetsancak.com\/biyografi\/wp-json\/wp\/v2\/pages\/1412\/revisions"}],"predecessor-version":[{"id":1501,"href":"https:\/\/www.ahmetsancak.com\/biyografi\/wp-json\/wp\/v2\/pages\/1412\/revisions\/1501"}],"wp:attachment":[{"href":"https:\/\/www.ahmetsancak.com\/biyografi\/wp-json\/wp\/v2\/media?parent=1412"}],"curies":[{"name":"wp","href":"https:\/\/api.w.org\/{rel}","templated":true}]}}