{"id":146,"date":"2022-08-03T22:12:12","date_gmt":"2022-08-03T20:12:12","guid":{"rendered":"https:\/\/media4people.com\/sancak\/?page_id=146"},"modified":"2025-05-12T13:07:56","modified_gmt":"2025-05-12T11:07:56","slug":"startseite","status":"publish","type":"page","link":"https:\/\/www.ahmetsancak.com\/biyografi\/startseite\/","title":{"rendered":"Kitaplar"},"content":{"rendered":"\t\t<div data-elementor-type=\"wp-page\" data-elementor-id=\"146\" class=\"elementor elementor-146\" data-elementor-post-type=\"page\">\n\t\t\t\t\t\t<section class=\"elementor-section elementor-top-section elementor-element elementor-element-0c6919c elementor-section-boxed elementor-section-height-default elementor-section-height-default\" data-id=\"0c6919c\" data-element_type=\"section\" data-settings=\"{&quot;background_background&quot;:&quot;classic&quot;}\">\n\t\t\t\t\t\t\t<div class=\"elementor-background-overlay\"><\/div>\n\t\t\t\t\t\t\t<div class=\"elementor-container elementor-column-gap-no\">\n\t\t\t\t\t<div class=\"elementor-column elementor-col-100 elementor-top-column elementor-element elementor-element-fbe215a\" data-id=\"fbe215a\" data-element_type=\"column\">\n\t\t\t<div class=\"elementor-widget-wrap elementor-element-populated\">\n\t\t\t\t\t\t<div class=\"elementor-element elementor-element-f576f46 elementor-widget elementor-widget-heading\" data-id=\"f576f46\" data-element_type=\"widget\" data-widget_type=\"heading.default\">\n\t\t\t\t<div class=\"elementor-widget-container\">\n\t\t\t<style>\/*! elementor - v3.20.0 - 13-03-2024 *\/\n.elementor-heading-title{padding:0;margin:0;line-height:1}.elementor-widget-heading .elementor-heading-title[class*=elementor-size-]>a{color:inherit;font-size:inherit;line-height:inherit}.elementor-widget-heading .elementor-heading-title.elementor-size-small{font-size:15px}.elementor-widget-heading .elementor-heading-title.elementor-size-medium{font-size:19px}.elementor-widget-heading .elementor-heading-title.elementor-size-large{font-size:29px}.elementor-widget-heading .elementor-heading-title.elementor-size-xl{font-size:39px}.elementor-widget-heading .elementor-heading-title.elementor-size-xxl{font-size:59px}<\/style><h2 class=\"elementor-heading-title elementor-size-default\">Kitaplar<\/h2>\t\t<\/div>\n\t\t\t\t<\/div>\n\t\t\t\t\t<\/div>\n\t\t<\/div>\n\t\t\t\t\t<\/div>\n\t\t<\/section>\n\t\t\t\t<section class=\"elementor-section elementor-top-section elementor-element elementor-element-c1a5b66 elementor-section-boxed elementor-section-height-default elementor-section-height-default\" data-id=\"c1a5b66\" data-element_type=\"section\" data-settings=\"{&quot;background_background&quot;:&quot;classic&quot;}\">\n\t\t\t\t\t\t\t<div class=\"elementor-background-overlay\"><\/div>\n\t\t\t\t\t\t\t<div class=\"elementor-container elementor-column-gap-no\">\n\t\t\t\t\t<div class=\"elementor-column elementor-col-100 elementor-top-column elementor-element elementor-element-2baa93dd\" data-id=\"2baa93dd\" data-element_type=\"column\">\n\t\t\t<div class=\"elementor-widget-wrap elementor-element-populated\">\n\t\t\t\t\t\t<section class=\"elementor-section elementor-inner-section elementor-element elementor-element-4584586 elementor-section-boxed elementor-section-height-default elementor-section-height-default\" data-id=\"4584586\" data-element_type=\"section\">\n\t\t\t\t\t\t<div class=\"elementor-container elementor-column-gap-no\">\n\t\t\t\t\t<div class=\"elementor-column elementor-col-50 elementor-inner-column elementor-element elementor-element-dd2f887 elementor-invisible\" data-id=\"dd2f887\" data-element_type=\"column\" data-settings=\"{&quot;background_background&quot;:&quot;classic&quot;,&quot;animation&quot;:&quot;fadeInRight&quot;}\">\n\t\t\t<div class=\"elementor-widget-wrap elementor-element-populated\">\n\t\t\t\t\t\t<div class=\"elementor-element elementor-element-4cce4db elementor-widget elementor-widget-heading\" data-id=\"4cce4db\" data-element_type=\"widget\" data-widget_type=\"heading.default\">\n\t\t\t\t<div class=\"elementor-widget-container\">\n\t\t\t<h3 class=\"elementor-heading-title elementor-size-default\">BER\u0130A<\/h3>\t\t<\/div>\n\t\t\t\t<\/div>\n\t\t\t\t<div class=\"elementor-element elementor-element-33bfdd4 elementor-widget elementor-widget-image\" data-id=\"33bfdd4\" data-element_type=\"widget\" data-widget_type=\"image.default\">\n\t\t\t\t<div class=\"elementor-widget-container\">\n\t\t\t<style>\/*! elementor - v3.20.0 - 13-03-2024 *\/\n.elementor-widget-image{text-align:center}.elementor-widget-image a{display:inline-block}.elementor-widget-image a img[src$=\".svg\"]{width:48px}.elementor-widget-image img{vertical-align:middle;display:inline-block}<\/style>\t\t\t\t\t\t\t\t\t\t<img fetchpriority=\"high\" decoding=\"async\" width=\"749\" height=\"1085\" src=\"https:\/\/www.ahmetsancak.com\/wp-content\/uploads\/2025\/05\/kitap-kapak-01-on.jpg\" class=\"attachment-full size-full wp-image-1870\" alt=\"\" srcset=\"https:\/\/www.ahmetsancak.com\/wp-content\/uploads\/2025\/05\/kitap-kapak-01-on.jpg 749w, https:\/\/www.ahmetsancak.com\/wp-content\/uploads\/2025\/05\/kitap-kapak-01-on-207x300.jpg 207w, https:\/\/www.ahmetsancak.com\/wp-content\/uploads\/2025\/05\/kitap-kapak-01-on-707x1024.jpg 707w\" sizes=\"(max-width: 749px) 100vw, 749px\" \/>\t\t\t\t\t\t\t\t\t\t\t\t\t<\/div>\n\t\t\t\t<\/div>\n\t\t\t\t<div class=\"elementor-element elementor-element-425b750 elementor-align-left elementor-widget elementor-widget-button\" data-id=\"425b750\" data-element_type=\"widget\" data-widget_type=\"button.default\">\n\t\t\t\t<div class=\"elementor-widget-container\">\n\t\t\t\t\t<div class=\"elementor-button-wrapper\">\n\t\t\t<a class=\"elementor-button elementor-button-link elementor-size-sm\" href=\"https:\/\/www.ahmetsancak.com\/beria\/\">\n\t\t\t\t\t\t<span class=\"elementor-button-content-wrapper\">\n\t\t\t\t\t\t<span class=\"elementor-button-text\">Devam oku<\/span>\n\t\t<\/span>\n\t\t\t\t\t<\/a>\n\t\t<\/div>\n\t\t\t\t<\/div>\n\t\t\t\t<\/div>\n\t\t\t\t\t<\/div>\n\t\t<\/div>\n\t\t\t\t<div class=\"elementor-column elementor-col-50 elementor-inner-column elementor-element elementor-element-2a4a01d elementor-invisible\" data-id=\"2a4a01d\" data-element_type=\"column\" data-settings=\"{&quot;background_background&quot;:&quot;classic&quot;,&quot;animation&quot;:&quot;fadeInRight&quot;}\">\n\t\t\t<div class=\"elementor-widget-wrap elementor-element-populated\">\n\t\t\t\t\t\t<div class=\"elementor-element elementor-element-58fc6c7 elementor-widget elementor-widget-heading\" data-id=\"58fc6c7\" data-element_type=\"widget\" data-widget_type=\"heading.default\">\n\t\t\t\t<div class=\"elementor-widget-container\">\n\t\t\t<h3 class=\"elementor-heading-title elementor-size-default\">\u00d6l\u00fcm G\u00f6zler\u0130mde<\/h3>\t\t<\/div>\n\t\t\t\t<\/div>\n\t\t\t\t<div class=\"elementor-element elementor-element-ccb5cd7 elementor-widget elementor-widget-image\" data-id=\"ccb5cd7\" data-element_type=\"widget\" data-widget_type=\"image.default\">\n\t\t\t\t<div class=\"elementor-widget-container\">\n\t\t\t\t\t\t\t\t\t\t\t\t\t<img decoding=\"async\" width=\"591\" height=\"844\" src=\"https:\/\/www.ahmetsancak.com\/wp-content\/uploads\/2022\/08\/oeluem-goezlerimde-kapak-3.jpg\" class=\"attachment-full size-full wp-image-1613\" alt=\"\" srcset=\"https:\/\/www.ahmetsancak.com\/wp-content\/uploads\/2022\/08\/oeluem-goezlerimde-kapak-3.jpg 591w, https:\/\/www.ahmetsancak.com\/wp-content\/uploads\/2022\/08\/oeluem-goezlerimde-kapak-3-210x300.jpg 210w\" sizes=\"(max-width: 591px) 100vw, 591px\" \/>\t\t\t\t\t\t\t\t\t\t\t\t\t<\/div>\n\t\t\t\t<\/div>\n\t\t\t\t<div class=\"elementor-element elementor-element-fa162ad elementor-align-left elementor-widget elementor-widget-button\" data-id=\"fa162ad\" data-element_type=\"widget\" data-widget_type=\"button.default\">\n\t\t\t\t<div class=\"elementor-widget-container\">\n\t\t\t\t\t<div class=\"elementor-button-wrapper\">\n\t\t\t<a class=\"elementor-button elementor-button-link elementor-size-sm\" href=\"https:\/\/www.ahmetsancak.com\/olum-gozlerimde\/\">\n\t\t\t\t\t\t<span class=\"elementor-button-content-wrapper\">\n\t\t\t\t\t\t<span class=\"elementor-button-text\">Devam oku<\/span>\n\t\t<\/span>\n\t\t\t\t\t<\/a>\n\t\t<\/div>\n\t\t\t\t<\/div>\n\t\t\t\t<\/div>\n\t\t\t\t\t<\/div>\n\t\t<\/div>\n\t\t\t\t\t<\/div>\n\t\t<\/section>\n\t\t\t\t<section class=\"elementor-section elementor-inner-section elementor-element elementor-element-c2cbe56 elementor-section-boxed elementor-section-height-default elementor-section-height-default\" data-id=\"c2cbe56\" data-element_type=\"section\">\n\t\t\t\t\t\t<div class=\"elementor-container elementor-column-gap-no\">\n\t\t\t\t\t<div class=\"elementor-column elementor-col-50 elementor-inner-column elementor-element elementor-element-6e39bfd elementor-invisible\" data-id=\"6e39bfd\" data-element_type=\"column\" data-settings=\"{&quot;background_background&quot;:&quot;classic&quot;,&quot;animation&quot;:&quot;fadeInRight&quot;}\">\n\t\t\t<div class=\"elementor-widget-wrap elementor-element-populated\">\n\t\t\t\t\t\t<div class=\"elementor-element elementor-element-cf9930a elementor-widget elementor-widget-heading\" data-id=\"cf9930a\" data-element_type=\"widget\" data-widget_type=\"heading.default\">\n\t\t\t\t<div class=\"elementor-widget-container\">\n\t\t\t<h3 class=\"elementor-heading-title elementor-size-default\">Sonsuza Y\u00fcr\u00fcy\u00fc\u015f<\/h3>\t\t<\/div>\n\t\t\t\t<\/div>\n\t\t\t\t<div class=\"elementor-element elementor-element-99afd07 elementor-widget elementor-widget-image\" data-id=\"99afd07\" data-element_type=\"widget\" data-widget_type=\"image.default\">\n\t\t\t\t<div class=\"elementor-widget-container\">\n\t\t\t\t\t\t\t\t\t\t\t\t\t<img decoding=\"async\" width=\"591\" height=\"844\" src=\"https:\/\/www.ahmetsancak.com\/wp-content\/uploads\/2022\/08\/sonsuza-yuerueyues.jpg\" class=\"attachment-full size-full wp-image-270\" alt=\"\" srcset=\"https:\/\/www.ahmetsancak.com\/wp-content\/uploads\/2022\/08\/sonsuza-yuerueyues.jpg 591w, https:\/\/www.ahmetsancak.com\/wp-content\/uploads\/2022\/08\/sonsuza-yuerueyues-210x300.jpg 210w\" sizes=\"(max-width: 591px) 100vw, 591px\" \/>\t\t\t\t\t\t\t\t\t\t\t\t\t<\/div>\n\t\t\t\t<\/div>\n\t\t\t\t<div class=\"elementor-element elementor-element-171df48 elementor-align-left elementor-widget elementor-widget-button\" data-id=\"171df48\" data-element_type=\"widget\" data-widget_type=\"button.default\">\n\t\t\t\t<div class=\"elementor-widget-container\">\n\t\t\t\t\t<div class=\"elementor-button-wrapper\">\n\t\t\t<a class=\"elementor-button elementor-button-link elementor-size-sm\" href=\"https:\/\/www.ahmetsancak.com\/sonsuza-yuruyus\/\">\n\t\t\t\t\t\t<span class=\"elementor-button-content-wrapper\">\n\t\t\t\t\t\t<span class=\"elementor-button-text\">Devam oku<\/span>\n\t\t<\/span>\n\t\t\t\t\t<\/a>\n\t\t<\/div>\n\t\t\t\t<\/div>\n\t\t\t\t<\/div>\n\t\t\t\t\t<\/div>\n\t\t<\/div>\n\t\t\t\t<div class=\"elementor-column elementor-col-50 elementor-inner-column elementor-element elementor-element-828b461 elementor-invisible\" data-id=\"828b461\" data-element_type=\"column\" data-settings=\"{&quot;background_background&quot;:&quot;classic&quot;,&quot;animation&quot;:&quot;fadeInRight&quot;}\">\n\t\t\t<div class=\"elementor-widget-wrap elementor-element-populated\">\n\t\t\t\t\t\t<div class=\"elementor-element elementor-element-9efb561 elementor-widget elementor-widget-heading\" data-id=\"9efb561\" data-element_type=\"widget\" data-widget_type=\"heading.default\">\n\t\t\t\t<div class=\"elementor-widget-container\">\n\t\t\t<h3 class=\"elementor-heading-title elementor-size-default\">\u00d6rt \u00dcst\u00fcme Ses\u0130n\u0130<\/h3>\t\t<\/div>\n\t\t\t\t<\/div>\n\t\t\t\t<div class=\"elementor-element elementor-element-be7e3b4 elementor-widget elementor-widget-image\" data-id=\"be7e3b4\" data-element_type=\"widget\" data-widget_type=\"image.default\">\n\t\t\t\t<div class=\"elementor-widget-container\">\n\t\t\t\t\t\t\t\t\t\t\t\t\t<img loading=\"lazy\" decoding=\"async\" width=\"591\" height=\"844\" src=\"https:\/\/www.ahmetsancak.com\/wp-content\/uploads\/2022\/08\/oert-uestueme-sesini-1.jpg\" class=\"attachment-full size-full wp-image-292\" alt=\"\" srcset=\"https:\/\/www.ahmetsancak.com\/wp-content\/uploads\/2022\/08\/oert-uestueme-sesini-1.jpg 591w, https:\/\/www.ahmetsancak.com\/wp-content\/uploads\/2022\/08\/oert-uestueme-sesini-1-210x300.jpg 210w\" sizes=\"(max-width: 591px) 100vw, 591px\" \/>\t\t\t\t\t\t\t\t\t\t\t\t\t<\/div>\n\t\t\t\t<\/div>\n\t\t\t\t<div class=\"elementor-element elementor-element-6ee5fe9 elementor-align-left elementor-widget elementor-widget-button\" data-id=\"6ee5fe9\" data-element_type=\"widget\" data-widget_type=\"button.default\">\n\t\t\t\t<div class=\"elementor-widget-container\">\n\t\t\t\t\t<div class=\"elementor-button-wrapper\">\n\t\t\t<a class=\"elementor-button elementor-button-link elementor-size-sm\" href=\"https:\/\/www.ahmetsancak.com\/ort-ustume-sesini\/\">\n\t\t\t\t\t\t<span class=\"elementor-button-content-wrapper\">\n\t\t\t\t\t\t<span class=\"elementor-button-text\">Devam oku<\/span>\n\t\t<\/span>\n\t\t\t\t\t<\/a>\n\t\t<\/div>\n\t\t\t\t<\/div>\n\t\t\t\t<\/div>\n\t\t\t\t\t<\/div>\n\t\t<\/div>\n\t\t\t\t\t<\/div>\n\t\t<\/section>\n\t\t\t\t\t<\/div>\n\t\t<\/div>\n\t\t\t\t\t<\/div>\n\t\t<\/section>\n\t\t\t\t<\/div>\n\t\t","protected":false},"excerpt":{"rendered":"<p>BER\u0130A Devam oku \u00d6l\u00fcm G\u00f6zler\u0130mde Devam oku Sonsuza Y\u00fcr\u00fcy\u00fc\u015f Devam oku \u00d6rt \u00dcst\u00fcme Ses\u0130n\u0130 Devam oku<\/p>\n","protected":false},"author":1,"featured_media":0,"parent":0,"menu_order":0,"comment_status":"closed","ping_status":"closed","template":"elementor_header_footer","meta":{"footnotes":""},"class_list":["post-146","page","type-page","status-publish","hentry"],"_links":{"self":[{"href":"https:\/\/www.ahmetsancak.com\/biyografi\/wp-json\/wp\/v2\/pages\/146","targetHints":{"allow":["GET"]}}],"collection":[{"href":"https:\/\/www.ahmetsancak.com\/biyografi\/wp-json\/wp\/v2\/pages"}],"about":[{"href":"https:\/\/www.ahmetsancak.com\/biyografi\/wp-json\/wp\/v2\/types\/page"}],"author":[{"embeddable":true,"href":"https:\/\/www.ahmetsancak.com\/biyografi\/wp-json\/wp\/v2\/users\/1"}],"replies":[{"embeddable":true,"href":"https:\/\/www.ahmetsancak.com\/biyografi\/wp-json\/wp\/v2\/comments?post=146"}],"version-history":[{"count":173,"href":"https:\/\/www.ahmetsancak.com\/biyografi\/wp-json\/wp\/v2\/pages\/146\/revisions"}],"predecessor-version":[{"id":1895,"href":"https:\/\/www.ahmetsancak.com\/biyografi\/wp-json\/wp\/v2\/pages\/146\/revisions\/1895"}],"wp:attachment":[{"href":"https:\/\/www.ahmetsancak.com\/biyografi\/wp-json\/wp\/v2\/media?parent=146"}],"curies":[{"name":"wp","href":"https:\/\/api.w.org\/{rel}","templated":true}]}}