{"id":1507,"date":"2022-08-13T13:57:25","date_gmt":"2022-08-13T11:57:25","guid":{"rendered":"https:\/\/media4people.com\/sancak\/?page_id=1507"},"modified":"2022-08-13T14:23:52","modified_gmt":"2022-08-13T12:23:52","slug":"olum-gozlerimde","status":"publish","type":"page","link":"https:\/\/www.ahmetsancak.com\/biyografi\/olum-gozlerimde\/","title":{"rendered":"\u00d6l\u00fcm G\u00f6zlerimde"},"content":{"rendered":"\t\t<div data-elementor-type=\"wp-page\" data-elementor-id=\"1507\" class=\"elementor elementor-1507\" data-elementor-post-type=\"page\">\n\t\t\t\t\t\t<section class=\"elementor-section elementor-top-section elementor-element elementor-element-7d38ed51 elementor-section-boxed elementor-section-height-default elementor-section-height-default\" data-id=\"7d38ed51\" data-element_type=\"section\" data-settings=\"{&quot;background_background&quot;:&quot;classic&quot;}\">\n\t\t\t\t\t\t\t<div class=\"elementor-background-overlay\"><\/div>\n\t\t\t\t\t\t\t<div class=\"elementor-container elementor-column-gap-default\">\n\t\t\t\t\t<div class=\"elementor-column elementor-col-100 elementor-top-column elementor-element elementor-element-39b9207b\" data-id=\"39b9207b\" data-element_type=\"column\">\n\t\t\t<div class=\"elementor-widget-wrap elementor-element-populated\">\n\t\t\t\t\t\t<div class=\"elementor-element elementor-element-83e7bff elementor-widget elementor-widget-heading\" data-id=\"83e7bff\" data-element_type=\"widget\" data-widget_type=\"heading.default\">\n\t\t\t\t<div class=\"elementor-widget-container\">\n\t\t\t<style>\/*! elementor - v3.20.0 - 13-03-2024 *\/\n.elementor-heading-title{padding:0;margin:0;line-height:1}.elementor-widget-heading .elementor-heading-title[class*=elementor-size-]>a{color:inherit;font-size:inherit;line-height:inherit}.elementor-widget-heading .elementor-heading-title.elementor-size-small{font-size:15px}.elementor-widget-heading .elementor-heading-title.elementor-size-medium{font-size:19px}.elementor-widget-heading .elementor-heading-title.elementor-size-large{font-size:29px}.elementor-widget-heading .elementor-heading-title.elementor-size-xl{font-size:39px}.elementor-widget-heading .elementor-heading-title.elementor-size-xxl{font-size:59px}<\/style><h2 class=\"elementor-heading-title elementor-size-default\">\u00d6l\u00fcm G\u00f6zlerimde<\/h2>\t\t<\/div>\n\t\t\t\t<\/div>\n\t\t\t\t\t<\/div>\n\t\t<\/div>\n\t\t\t\t\t<\/div>\n\t\t<\/section>\n\t\t\t\t<section class=\"elementor-section elementor-top-section elementor-element elementor-element-6eaa85df elementor-section-boxed elementor-section-height-default elementor-section-height-default\" data-id=\"6eaa85df\" data-element_type=\"section\" data-settings=\"{&quot;background_background&quot;:&quot;classic&quot;}\">\n\t\t\t\t\t\t<div class=\"elementor-container elementor-column-gap-no\">\n\t\t\t\t\t<div class=\"elementor-column elementor-col-100 elementor-top-column elementor-element elementor-element-453492f8\" data-id=\"453492f8\" data-element_type=\"column\">\n\t\t\t<div class=\"elementor-widget-wrap elementor-element-populated\">\n\t\t\t\t\t\t<section class=\"elementor-section elementor-inner-section elementor-element elementor-element-ea5afcf elementor-section-boxed elementor-section-height-default elementor-section-height-default\" data-id=\"ea5afcf\" data-element_type=\"section\">\n\t\t\t\t\t\t<div class=\"elementor-container elementor-column-gap-default\">\n\t\t\t\t\t<div class=\"elementor-column elementor-col-50 elementor-inner-column elementor-element elementor-element-4b42d40\" data-id=\"4b42d40\" data-element_type=\"column\">\n\t\t\t<div class=\"elementor-widget-wrap elementor-element-populated\">\n\t\t\t\t\t\t<div class=\"elementor-element elementor-element-5f13fa2 elementor-widget elementor-widget-image\" data-id=\"5f13fa2\" data-element_type=\"widget\" data-widget_type=\"image.default\">\n\t\t\t\t<div class=\"elementor-widget-container\">\n\t\t\t<style>\/*! elementor - v3.20.0 - 13-03-2024 *\/\n.elementor-widget-image{text-align:center}.elementor-widget-image a{display:inline-block}.elementor-widget-image a img[src$=\".svg\"]{width:48px}.elementor-widget-image img{vertical-align:middle;display:inline-block}<\/style>\t\t\t\t\t\t\t\t\t\t<img fetchpriority=\"high\" decoding=\"async\" width=\"527\" height=\"619\" src=\"https:\/\/www.ahmetsancak.com\/wp-content\/uploads\/2022\/08\/oeluem-goezlerimde-1.jpg\" class=\"attachment-large size-large wp-image-1503\" alt=\"\" srcset=\"https:\/\/www.ahmetsancak.com\/wp-content\/uploads\/2022\/08\/oeluem-goezlerimde-1.jpg 527w, https:\/\/www.ahmetsancak.com\/wp-content\/uploads\/2022\/08\/oeluem-goezlerimde-1-255x300.jpg 255w\" sizes=\"(max-width: 527px) 100vw, 527px\" \/>\t\t\t\t\t\t\t\t\t\t\t\t\t<\/div>\n\t\t\t\t<\/div>\n\t\t\t\t<div class=\"elementor-element elementor-element-baa68ea elementor-widget elementor-widget-text-editor\" data-id=\"baa68ea\" data-element_type=\"widget\" data-widget_type=\"text-editor.default\">\n\t\t\t\t<div class=\"elementor-widget-container\">\n\t\t\t<style>\/*! elementor - v3.20.0 - 13-03-2024 *\/\n.elementor-widget-text-editor.elementor-drop-cap-view-stacked .elementor-drop-cap{background-color:#69727d;color:#fff}.elementor-widget-text-editor.elementor-drop-cap-view-framed .elementor-drop-cap{color:#69727d;border:3px solid;background-color:transparent}.elementor-widget-text-editor:not(.elementor-drop-cap-view-default) .elementor-drop-cap{margin-top:8px}.elementor-widget-text-editor:not(.elementor-drop-cap-view-default) .elementor-drop-cap-letter{width:1em;height:1em}.elementor-widget-text-editor .elementor-drop-cap{float:left;text-align:center;line-height:1;font-size:50px}.elementor-widget-text-editor .elementor-drop-cap-letter{display:inline-block}<\/style>\t\t\t\t<div class=\"wp-playlist wp-audio-playlist wp-playlist-light\">\n\t\t\t<div class=\"wp-playlist-current-item\"><\/div>\n\t\t<audio controls=\"controls\" preload=\"none\" width=\"778\"\n\t\t\t><\/audio>\n\t<div class=\"wp-playlist-next\"><\/div>\n\t<div class=\"wp-playlist-prev\"><\/div>\n\t<noscript>\n\t<ol>\n\t\t<li><a href='https:\/\/www.ahmetsancak.com\/wp-content\/uploads\/2022\/08\/10_SonsuzaYuruyus.mp3'>Sonsuza Y\u00fcr\u00fcy\u00fc\u015f<\/a><\/li>\t<\/ol>\n\t<\/noscript>\n\t<script type=\"application\/json\" class=\"wp-playlist-script\">{\"type\":\"audio\",\"tracklist\":true,\"tracknumbers\":true,\"images\":true,\"artists\":true,\"tracks\":[{\"src\":\"https:\/\/www.ahmetsancak.com\/wp-content\/uploads\/2022\/08\/10_SonsuzaYuruyus.mp3\",\"type\":\"audio\/mpeg\",\"title\":\"Sonsuza Y\\u00fcr\\u00fcy\\u00fc\\u015f\",\"caption\":\"\",\"description\":\"Sonsuza Y\\u00fcr\\u00fcy\\u00fc\\u015f\",\"meta\":{\"length_formatted\":\"4:42\"},\"image\":{\"src\":\"https:\/\/www.ahmetsancak.com\/wp-includes\/images\/media\/audio.svg\",\"width\":48,\"height\":64},\"thumb\":{\"src\":\"https:\/\/www.ahmetsancak.com\/wp-includes\/images\/media\/audio.svg\",\"width\":48,\"height\":64}}]}<\/script>\n<\/div>\n\t\t\t\t\t\t\t<\/div>\n\t\t\t\t<\/div>\n\t\t\t\t\t<\/div>\n\t\t<\/div>\n\t\t\t\t<div class=\"elementor-column elementor-col-50 elementor-inner-column elementor-element elementor-element-8fd1f2a\" data-id=\"8fd1f2a\" data-element_type=\"column\">\n\t\t\t<div class=\"elementor-widget-wrap elementor-element-populated\">\n\t\t\t\t\t\t<div class=\"elementor-element elementor-element-2b7293b elementor-widget elementor-widget-heading\" data-id=\"2b7293b\" data-element_type=\"widget\" data-widget_type=\"heading.default\">\n\t\t\t\t<div class=\"elementor-widget-container\">\n\t\t\t<h3 class=\"elementor-heading-title elementor-size-default\">\u00d6l\u00fcm G\u00f6zlerimde<\/h3>\t\t<\/div>\n\t\t\t\t<\/div>\n\t\t\t\t<div class=\"elementor-element elementor-element-e68dd86 elementor-widget elementor-widget-text-editor\" data-id=\"e68dd86\" data-element_type=\"widget\" data-widget_type=\"text-editor.default\">\n\t\t\t\t<div class=\"elementor-widget-container\">\n\t\t\t\t\t\t\t<p>Ya\u015famak ne zormu\u015f \u0131skalanan hayatta! So\u011fudu ya\u015fam; zaman\u0131n d\u0131\u015f\u0131nda, bir bo\u015flu\u011fun i\u00e7inde sallan\u0131yor y\u00fcre\u011fim. B\u00fcy\u00fck yan\u0131lg\u0131lar ve yenilgiler ya\u015fam\u0131\u015f bir insan\u0131m art\u0131k. Pusulam bozuk. Hangi y\u00f6ne d\u00f6nsem oras\u0131 h\u00fcz\u00fcnler \u00fclkesi. Ac\u0131lar\u0131m\u0131n g\u00f6lgesinde \u00f6mr\u00fcm nas\u0131l ge\u00e7ecek?<\/p><p>Mesut Derdig\u00fczel i\u015finde iyi bir gazetecidir. Her \u015fey yolunda giderken bir g\u00fcn birdenbire hayat\u0131n\u0131n seyri de\u011fi\u015fir: Almanya\u2019da \u00e7al\u0131\u015ft\u0131\u011f\u0131 gazete iflas eder, i\u015fsiz kal\u0131r ve terk edilir. Ge\u00e7mi\u015f travmalar\u0131n\u0131 tetikleyen bu durum onun Frankfurt\u2019ta kalmas\u0131n\u0131 imk\u00e2ns\u0131z k\u0131lar ve yeni bir ba\u015flang\u0131\u00e7 yapmak \u00fczere do\u011fdu\u011fu topraklara, Trabzon\u2019a gitme karar\u0131 al\u0131r. Orada yerel bir gazetede \u00e7al\u0131\u015fmaya ba\u015flayan Mesut, kendini bir \u00e7ocuk ka\u00e7\u0131rma vakas\u0131n\u0131n gizemini \u00e7\u00f6zmeye adar. Ara\u015ft\u0131rd\u0131k\u00e7a \u00e7etrefille\u015fen bu dava \u00e7\u00f6z\u00fclebilecek midir?<\/p><p>Peki ya kendi ac\u0131lar\u0131n\u0131 ba\u015fkalar\u0131n\u0131nkiyle harmanlayan bu adam ruhunu kurtarabilecek midir?<\/p>\t\t\t\t\t\t<\/div>\n\t\t\t\t<\/div>\n\t\t\t\t<div class=\"elementor-element elementor-element-f7da8a5 elementor-align-left elementor-widget elementor-widget-button\" data-id=\"f7da8a5\" data-element_type=\"widget\" data-widget_type=\"button.default\">\n\t\t\t\t<div class=\"elementor-widget-container\">\n\t\t\t\t\t<div class=\"elementor-button-wrapper\">\n\t\t\t<a class=\"elementor-button elementor-button-link elementor-size-sm\" href=\"https:\/\/www.profilkitap.com\/urun\/olum-gozlerimde-ahmet-sancak\" target=\"_blank\">\n\t\t\t\t\t\t<span class=\"elementor-button-content-wrapper\">\n\t\t\t\t\t\t<span class=\"elementor-button-text\">Kitap Sipari\u015f<\/span>\n\t\t<\/span>\n\t\t\t\t\t<\/a>\n\t\t<\/div>\n\t\t\t\t<\/div>\n\t\t\t\t<\/div>\n\t\t\t\t\t<\/div>\n\t\t<\/div>\n\t\t\t\t\t<\/div>\n\t\t<\/section>\n\t\t\t\t\t<\/div>\n\t\t<\/div>\n\t\t\t\t\t<\/div>\n\t\t<\/section>\n\t\t\t\t<section class=\"elementor-section elementor-top-section elementor-element elementor-element-9abad3a elementor-section-boxed elementor-section-height-default elementor-section-height-default\" data-id=\"9abad3a\" data-element_type=\"section\">\n\t\t\t\t\t\t<div class=\"elementor-container elementor-column-gap-default\">\n\t\t\t\t\t<div class=\"elementor-column elementor-col-100 elementor-top-column elementor-element elementor-element-bd483ef\" data-id=\"bd483ef\" data-element_type=\"column\">\n\t\t\t<div class=\"elementor-widget-wrap elementor-element-populated\">\n\t\t\t\t\t\t<div class=\"elementor-element elementor-element-d5f5701 elementor-widget elementor-widget-video\" data-id=\"d5f5701\" data-element_type=\"widget\" data-settings=\"{&quot;youtube_url&quot;:&quot;https:\\\/\\\/youtu.be\\\/lzRakKJdpKc&quot;,&quot;video_type&quot;:&quot;youtube&quot;,&quot;controls&quot;:&quot;yes&quot;}\" data-widget_type=\"video.default\">\n\t\t\t\t<div class=\"elementor-widget-container\">\n\t\t\t<style>\/*! elementor - v3.20.0 - 13-03-2024 *\/\n.elementor-widget-video .elementor-widget-container{overflow:hidden;transform:translateZ(0)}.elementor-widget-video .elementor-wrapper{aspect-ratio:var(--video-aspect-ratio)}.elementor-widget-video .elementor-wrapper iframe,.elementor-widget-video .elementor-wrapper video{height:100%;width:100%;display:flex;border:none;background-color:#000}@supports not (aspect-ratio:1\/1){.elementor-widget-video .elementor-wrapper{position:relative;overflow:hidden;height:0;padding-bottom:calc(100% \/ var(--video-aspect-ratio))}.elementor-widget-video .elementor-wrapper iframe,.elementor-widget-video .elementor-wrapper video{position:absolute;top:0;right:0;bottom:0;left:0}}.elementor-widget-video .elementor-open-inline .elementor-custom-embed-image-overlay{position:absolute;top:0;right:0;bottom:0;left:0;background-size:cover;background-position:50%}.elementor-widget-video .elementor-custom-embed-image-overlay{cursor:pointer;text-align:center}.elementor-widget-video .elementor-custom-embed-image-overlay:hover .elementor-custom-embed-play i{opacity:1}.elementor-widget-video .elementor-custom-embed-image-overlay img{display:block;width:100%;aspect-ratio:var(--video-aspect-ratio);-o-object-fit:cover;object-fit:cover;-o-object-position:center center;object-position:center center}@supports not (aspect-ratio:1\/1){.elementor-widget-video .elementor-custom-embed-image-overlay{position:relative;overflow:hidden;height:0;padding-bottom:calc(100% \/ var(--video-aspect-ratio))}.elementor-widget-video .elementor-custom-embed-image-overlay img{position:absolute;top:0;right:0;bottom:0;left:0}}.elementor-widget-video .e-hosted-video .elementor-video{-o-object-fit:cover;object-fit:cover}.e-con-inner>.elementor-widget-video,.e-con>.elementor-widget-video{width:var(--container-widget-width);--flex-grow:var(--container-widget-flex-grow)}<\/style>\t\t<div class=\"elementor-wrapper elementor-open-inline\">\n\t\t\t<div class=\"elementor-video\"><\/div>\t\t<\/div>\n\t\t\t\t<\/div>\n\t\t\t\t<\/div>\n\t\t\t\t\t<\/div>\n\t\t<\/div>\n\t\t\t\t\t<\/div>\n\t\t<\/section>\n\t\t\t\t<\/div>\n\t\t","protected":false},"excerpt":{"rendered":"<p>\u00d6l\u00fcm G\u00f6zlerimde \u00d6l\u00fcm G\u00f6zlerimde Ya\u015famak ne zormu\u015f \u0131skalanan hayatta! So\u011fudu ya\u015fam; zaman\u0131n d\u0131\u015f\u0131nda, bir bo\u015flu\u011fun i\u00e7inde sallan\u0131yor y\u00fcre\u011fim. B\u00fcy\u00fck yan\u0131lg\u0131lar ve yenilgiler ya\u015fam\u0131\u015f bir insan\u0131m art\u0131k. Pusulam bozuk. Hangi y\u00f6ne d\u00f6nsem oras\u0131 h\u00fcz\u00fcnler \u00fclkesi. Ac\u0131lar\u0131m\u0131n g\u00f6lgesinde \u00f6mr\u00fcm nas\u0131l ge\u00e7ecek? Mesut Derdig\u00fczel i\u015finde iyi bir gazetecidir. Her \u015fey yolunda giderken bir g\u00fcn birdenbire hayat\u0131n\u0131n seyri de\u011fi\u015fir: [&hellip;]<\/p>\n","protected":false},"author":1,"featured_media":0,"parent":0,"menu_order":0,"comment_status":"closed","ping_status":"closed","template":"elementor_header_footer","meta":{"footnotes":""},"class_list":["post-1507","page","type-page","status-publish","hentry"],"_links":{"self":[{"href":"https:\/\/www.ahmetsancak.com\/biyografi\/wp-json\/wp\/v2\/pages\/1507","targetHints":{"allow":["GET"]}}],"collection":[{"href":"https:\/\/www.ahmetsancak.com\/biyografi\/wp-json\/wp\/v2\/pages"}],"about":[{"href":"https:\/\/www.ahmetsancak.com\/biyografi\/wp-json\/wp\/v2\/types\/page"}],"author":[{"embeddable":true,"href":"https:\/\/www.ahmetsancak.com\/biyografi\/wp-json\/wp\/v2\/users\/1"}],"replies":[{"embeddable":true,"href":"https:\/\/www.ahmetsancak.com\/biyografi\/wp-json\/wp\/v2\/comments?post=1507"}],"version-history":[{"count":20,"href":"https:\/\/www.ahmetsancak.com\/biyografi\/wp-json\/wp\/v2\/pages\/1507\/revisions"}],"predecessor-version":[{"id":1548,"href":"https:\/\/www.ahmetsancak.com\/biyografi\/wp-json\/wp\/v2\/pages\/1507\/revisions\/1548"}],"wp:attachment":[{"href":"https:\/\/www.ahmetsancak.com\/biyografi\/wp-json\/wp\/v2\/media?parent=1507"}],"curies":[{"name":"wp","href":"https:\/\/api.w.org\/{rel}","templated":true}]}}