{"id":1888,"date":"2025-05-12T13:05:55","date_gmt":"2025-05-12T11:05:55","guid":{"rendered":"https:\/\/www.ahmetsancak.com\/?page_id=1888"},"modified":"2025-07-02T13:32:35","modified_gmt":"2025-07-02T11:32:35","slug":"beria","status":"publish","type":"page","link":"https:\/\/www.ahmetsancak.com\/biyografi\/beria\/","title":{"rendered":"Beria"},"content":{"rendered":"\t\t<div data-elementor-type=\"wp-page\" data-elementor-id=\"1888\" class=\"elementor elementor-1888\" data-elementor-post-type=\"page\">\n\t\t\t\t\t\t<section class=\"elementor-section elementor-top-section elementor-element elementor-element-7d38ed51 elementor-section-boxed elementor-section-height-default elementor-section-height-default\" data-id=\"7d38ed51\" data-element_type=\"section\" data-settings=\"{&quot;background_background&quot;:&quot;classic&quot;}\">\n\t\t\t\t\t\t\t<div class=\"elementor-background-overlay\"><\/div>\n\t\t\t\t\t\t\t<div class=\"elementor-container elementor-column-gap-default\">\n\t\t\t\t\t<div class=\"elementor-column elementor-col-100 elementor-top-column elementor-element elementor-element-39b9207b\" data-id=\"39b9207b\" data-element_type=\"column\">\n\t\t\t<div class=\"elementor-widget-wrap elementor-element-populated\">\n\t\t\t\t\t\t<div class=\"elementor-element elementor-element-83e7bff elementor-widget elementor-widget-heading\" data-id=\"83e7bff\" data-element_type=\"widget\" data-widget_type=\"heading.default\">\n\t\t\t\t<div class=\"elementor-widget-container\">\n\t\t\t<style>\/*! elementor - v3.20.0 - 13-03-2024 *\/\n.elementor-heading-title{padding:0;margin:0;line-height:1}.elementor-widget-heading .elementor-heading-title[class*=elementor-size-]>a{color:inherit;font-size:inherit;line-height:inherit}.elementor-widget-heading .elementor-heading-title.elementor-size-small{font-size:15px}.elementor-widget-heading .elementor-heading-title.elementor-size-medium{font-size:19px}.elementor-widget-heading .elementor-heading-title.elementor-size-large{font-size:29px}.elementor-widget-heading .elementor-heading-title.elementor-size-xl{font-size:39px}.elementor-widget-heading .elementor-heading-title.elementor-size-xxl{font-size:59px}<\/style><h2 class=\"elementor-heading-title elementor-size-default\">Beria<\/h2>\t\t<\/div>\n\t\t\t\t<\/div>\n\t\t\t\t\t<\/div>\n\t\t<\/div>\n\t\t\t\t\t<\/div>\n\t\t<\/section>\n\t\t\t\t<section class=\"elementor-section elementor-top-section elementor-element elementor-element-6eaa85df elementor-section-boxed elementor-section-height-default elementor-section-height-default\" data-id=\"6eaa85df\" data-element_type=\"section\" data-settings=\"{&quot;background_background&quot;:&quot;classic&quot;}\">\n\t\t\t\t\t\t<div class=\"elementor-container elementor-column-gap-no\">\n\t\t\t\t\t<div class=\"elementor-column elementor-col-100 elementor-top-column elementor-element elementor-element-453492f8\" data-id=\"453492f8\" data-element_type=\"column\">\n\t\t\t<div class=\"elementor-widget-wrap elementor-element-populated\">\n\t\t\t\t\t\t<section class=\"elementor-section elementor-inner-section elementor-element elementor-element-ea5afcf elementor-section-boxed elementor-section-height-default elementor-section-height-default\" data-id=\"ea5afcf\" data-element_type=\"section\">\n\t\t\t\t\t\t<div class=\"elementor-container elementor-column-gap-default\">\n\t\t\t\t\t<div class=\"elementor-column elementor-col-50 elementor-inner-column elementor-element elementor-element-4b42d40\" data-id=\"4b42d40\" data-element_type=\"column\">\n\t\t\t<div class=\"elementor-widget-wrap elementor-element-populated\">\n\t\t\t\t\t\t<div class=\"elementor-element elementor-element-5f13fa2 elementor-widget elementor-widget-image\" data-id=\"5f13fa2\" data-element_type=\"widget\" data-widget_type=\"image.default\">\n\t\t\t\t<div class=\"elementor-widget-container\">\n\t\t\t<style>\/*! elementor - v3.20.0 - 13-03-2024 *\/\n.elementor-widget-image{text-align:center}.elementor-widget-image a{display:inline-block}.elementor-widget-image a img[src$=\".svg\"]{width:48px}.elementor-widget-image img{vertical-align:middle;display:inline-block}<\/style>\t\t\t\t\t\t\t\t\t\t<img fetchpriority=\"high\" decoding=\"async\" width=\"749\" height=\"1085\" src=\"https:\/\/www.ahmetsancak.com\/wp-content\/uploads\/2025\/05\/kitap-kapak-01-on.jpg\" class=\"attachment-full size-full wp-image-1870\" alt=\"\" srcset=\"https:\/\/www.ahmetsancak.com\/wp-content\/uploads\/2025\/05\/kitap-kapak-01-on.jpg 749w, https:\/\/www.ahmetsancak.com\/wp-content\/uploads\/2025\/05\/kitap-kapak-01-on-207x300.jpg 207w, https:\/\/www.ahmetsancak.com\/wp-content\/uploads\/2025\/05\/kitap-kapak-01-on-707x1024.jpg 707w\" sizes=\"(max-width: 749px) 100vw, 749px\" \/>\t\t\t\t\t\t\t\t\t\t\t\t\t<\/div>\n\t\t\t\t<\/div>\n\t\t\t\t\t<\/div>\n\t\t<\/div>\n\t\t\t\t<div class=\"elementor-column elementor-col-50 elementor-inner-column elementor-element elementor-element-8fd1f2a\" data-id=\"8fd1f2a\" data-element_type=\"column\">\n\t\t\t<div class=\"elementor-widget-wrap elementor-element-populated\">\n\t\t\t\t\t\t<div class=\"elementor-element elementor-element-2b7293b elementor-widget elementor-widget-heading\" data-id=\"2b7293b\" data-element_type=\"widget\" data-widget_type=\"heading.default\">\n\t\t\t\t<div class=\"elementor-widget-container\">\n\t\t\t<h3 class=\"elementor-heading-title elementor-size-default\">Beria<\/h3>\t\t<\/div>\n\t\t\t\t<\/div>\n\t\t\t\t<div class=\"elementor-element elementor-element-e68dd86 elementor-widget elementor-widget-text-editor\" data-id=\"e68dd86\" data-element_type=\"widget\" data-widget_type=\"text-editor.default\">\n\t\t\t\t<div class=\"elementor-widget-container\">\n\t\t\t<style>\/*! elementor - v3.20.0 - 13-03-2024 *\/\n.elementor-widget-text-editor.elementor-drop-cap-view-stacked .elementor-drop-cap{background-color:#69727d;color:#fff}.elementor-widget-text-editor.elementor-drop-cap-view-framed .elementor-drop-cap{color:#69727d;border:3px solid;background-color:transparent}.elementor-widget-text-editor:not(.elementor-drop-cap-view-default) .elementor-drop-cap{margin-top:8px}.elementor-widget-text-editor:not(.elementor-drop-cap-view-default) .elementor-drop-cap-letter{width:1em;height:1em}.elementor-widget-text-editor .elementor-drop-cap{float:left;text-align:center;line-height:1;font-size:50px}.elementor-widget-text-editor .elementor-drop-cap-letter{display:inline-block}<\/style>\t\t\t\t<p>\u201cBazen en b\u00fcy\u00fck sava\u015f, insan\u0131n kendi evinde ba\u015flar\u2026\u201d<\/p><p>Beria, baba bask\u0131s\u0131yla b\u00fcy\u00fcyen, sevgiye muhta\u00e7 bir k\u0131z \u00e7ocu\u011fu.<\/p><p>Aren, sevgi ve vicdan\u0131n izini s\u00fcren, ba\u015fka bir d\u00fcnyadan gelen gen\u00e7 bir s\u0131\u011f\u0131nak.<\/p><p>\u0130ki yaral\u0131 ruh, karanl\u0131\u011f\u0131n i\u00e7inde birbirine tutunarak hayatta kalmaya \u00e7al\u0131\u015f\u0131r.<\/p><p>Bu roman, i\u00e7sel direni\u015fin, inanc\u0131n ve umudun sessiz \u00e7\u0131\u011fl\u0131\u011f\u0131d\u0131r.<\/p>\t\t\t\t\t\t<\/div>\n\t\t\t\t<\/div>\n\t\t\t\t<div class=\"elementor-element elementor-element-2fc2456 elementor-widget elementor-widget-html\" data-id=\"2fc2456\" data-element_type=\"widget\" data-widget_type=\"html.default\">\n\t\t\t\t<div class=\"elementor-widget-container\">\n\t\t\t<audio controls>\n  <source src=\"https:\/\/www.ahmetsancak.com\/wp-content\/uploads\/2025\/05\/Beria_Master_2025.mp3\" type=\"audio\/mpeg\">\n  Taray\u0131c\u0131n\u0131z ses \u00f6\u011fesini desteklemiyor.\n<\/audio>\t\t<\/div>\n\t\t\t\t<\/div>\n\t\t\t\t<div class=\"elementor-element elementor-element-f7da8a5 elementor-align-left elementor-widget elementor-widget-button\" data-id=\"f7da8a5\" data-element_type=\"widget\" data-widget_type=\"button.default\">\n\t\t\t\t<div class=\"elementor-widget-container\">\n\t\t\t\t\t<div class=\"elementor-button-wrapper\">\n\t\t\t<a class=\"elementor-button elementor-button-link elementor-size-sm\" href=\"https:\/\/dostkitabevi.com\/beria-2\" target=\"_blank\">\n\t\t\t\t\t\t<span class=\"elementor-button-content-wrapper\">\n\t\t\t\t\t\t<span class=\"elementor-button-text\">K\u0130TABI S\u0130PAR\u0130\u015e ET<\/span>\n\t\t<\/span>\n\t\t\t\t\t<\/a>\n\t\t<\/div>\n\t\t\t\t<\/div>\n\t\t\t\t<\/div>\n\t\t\t\t\t<\/div>\n\t\t<\/div>\n\t\t\t\t\t<\/div>\n\t\t<\/section>\n\t\t\t\t\t<\/div>\n\t\t<\/div>\n\t\t\t\t\t<\/div>\n\t\t<\/section>\n\t\t\t\t<\/div>\n\t\t","protected":false},"excerpt":{"rendered":"<p>Beria Beria \u201cBazen en b\u00fcy\u00fck sava\u015f, insan\u0131n kendi evinde ba\u015flar\u2026\u201d Beria, baba bask\u0131s\u0131yla b\u00fcy\u00fcyen, sevgiye muhta\u00e7 bir k\u0131z \u00e7ocu\u011fu. Aren, sevgi ve vicdan\u0131n izini s\u00fcren, ba\u015fka bir d\u00fcnyadan gelen gen\u00e7 bir s\u0131\u011f\u0131nak. \u0130ki yaral\u0131 ruh, karanl\u0131\u011f\u0131n i\u00e7inde birbirine tutunarak hayatta kalmaya \u00e7al\u0131\u015f\u0131r. Bu roman, i\u00e7sel direni\u015fin, inanc\u0131n ve umudun sessiz \u00e7\u0131\u011fl\u0131\u011f\u0131d\u0131r. Taray\u0131c\u0131n\u0131z ses \u00f6\u011fesini desteklemiyor. [&hellip;]<\/p>\n","protected":false},"author":1,"featured_media":0,"parent":0,"menu_order":0,"comment_status":"closed","ping_status":"closed","template":"elementor_header_footer","meta":{"footnotes":""},"class_list":["post-1888","page","type-page","status-publish","hentry"],"_links":{"self":[{"href":"https:\/\/www.ahmetsancak.com\/biyografi\/wp-json\/wp\/v2\/pages\/1888","targetHints":{"allow":["GET"]}}],"collection":[{"href":"https:\/\/www.ahmetsancak.com\/biyografi\/wp-json\/wp\/v2\/pages"}],"about":[{"href":"https:\/\/www.ahmetsancak.com\/biyografi\/wp-json\/wp\/v2\/types\/page"}],"author":[{"embeddable":true,"href":"https:\/\/www.ahmetsancak.com\/biyografi\/wp-json\/wp\/v2\/users\/1"}],"replies":[{"embeddable":true,"href":"https:\/\/www.ahmetsancak.com\/biyografi\/wp-json\/wp\/v2\/comments?post=1888"}],"version-history":[{"count":10,"href":"https:\/\/www.ahmetsancak.com\/biyografi\/wp-json\/wp\/v2\/pages\/1888\/revisions"}],"predecessor-version":[{"id":1914,"href":"https:\/\/www.ahmetsancak.com\/biyografi\/wp-json\/wp\/v2\/pages\/1888\/revisions\/1914"}],"wp:attachment":[{"href":"https:\/\/www.ahmetsancak.com\/biyografi\/wp-json\/wp\/v2\/media?parent=1888"}],"curies":[{"name":"wp","href":"https:\/\/api.w.org\/{rel}","templated":true}]}}