{"id":661,"date":"2022-08-10T17:33:56","date_gmt":"2022-08-10T15:33:56","guid":{"rendered":"https:\/\/media4people.com\/sancak\/?page_id=661"},"modified":"2022-08-13T13:51:59","modified_gmt":"2022-08-13T11:51:59","slug":"sonsuza-yuruyus","status":"publish","type":"page","link":"https:\/\/www.ahmetsancak.com\/biyografi\/sonsuza-yuruyus\/","title":{"rendered":"Sonsuza Y\u00fcr\u00fcy\u00fc\u015f"},"content":{"rendered":"\t\t<div data-elementor-type=\"wp-page\" data-elementor-id=\"661\" class=\"elementor elementor-661\" data-elementor-post-type=\"page\">\n\t\t\t\t\t\t<section class=\"elementor-section elementor-top-section elementor-element elementor-element-7d38ed51 elementor-section-boxed elementor-section-height-default elementor-section-height-default\" data-id=\"7d38ed51\" data-element_type=\"section\" data-settings=\"{&quot;background_background&quot;:&quot;classic&quot;}\">\n\t\t\t\t\t\t\t<div class=\"elementor-background-overlay\"><\/div>\n\t\t\t\t\t\t\t<div class=\"elementor-container elementor-column-gap-default\">\n\t\t\t\t\t<div class=\"elementor-column elementor-col-100 elementor-top-column elementor-element elementor-element-39b9207b\" data-id=\"39b9207b\" data-element_type=\"column\">\n\t\t\t<div class=\"elementor-widget-wrap elementor-element-populated\">\n\t\t\t\t\t\t<div class=\"elementor-element elementor-element-83e7bff elementor-widget elementor-widget-heading\" data-id=\"83e7bff\" data-element_type=\"widget\" data-widget_type=\"heading.default\">\n\t\t\t\t<div class=\"elementor-widget-container\">\n\t\t\t<style>\/*! elementor - v3.20.0 - 13-03-2024 *\/\n.elementor-heading-title{padding:0;margin:0;line-height:1}.elementor-widget-heading .elementor-heading-title[class*=elementor-size-]>a{color:inherit;font-size:inherit;line-height:inherit}.elementor-widget-heading .elementor-heading-title.elementor-size-small{font-size:15px}.elementor-widget-heading .elementor-heading-title.elementor-size-medium{font-size:19px}.elementor-widget-heading .elementor-heading-title.elementor-size-large{font-size:29px}.elementor-widget-heading .elementor-heading-title.elementor-size-xl{font-size:39px}.elementor-widget-heading .elementor-heading-title.elementor-size-xxl{font-size:59px}<\/style><h2 class=\"elementor-heading-title elementor-size-default\">Sonsuza Y\u00fcr\u00fcy\u00fc\u015f<\/h2>\t\t<\/div>\n\t\t\t\t<\/div>\n\t\t\t\t\t<\/div>\n\t\t<\/div>\n\t\t\t\t\t<\/div>\n\t\t<\/section>\n\t\t\t\t<section class=\"elementor-section elementor-top-section elementor-element elementor-element-6eaa85df elementor-section-boxed elementor-section-height-default elementor-section-height-default\" data-id=\"6eaa85df\" data-element_type=\"section\" data-settings=\"{&quot;background_background&quot;:&quot;classic&quot;}\">\n\t\t\t\t\t\t<div class=\"elementor-container elementor-column-gap-no\">\n\t\t\t\t\t<div class=\"elementor-column elementor-col-100 elementor-top-column elementor-element elementor-element-453492f8\" data-id=\"453492f8\" data-element_type=\"column\">\n\t\t\t<div class=\"elementor-widget-wrap elementor-element-populated\">\n\t\t\t\t\t\t<section class=\"elementor-section elementor-inner-section elementor-element elementor-element-ea5afcf elementor-section-boxed elementor-section-height-default elementor-section-height-default\" data-id=\"ea5afcf\" data-element_type=\"section\">\n\t\t\t\t\t\t<div class=\"elementor-container elementor-column-gap-default\">\n\t\t\t\t\t<div class=\"elementor-column elementor-col-50 elementor-inner-column elementor-element elementor-element-4b42d40\" data-id=\"4b42d40\" data-element_type=\"column\">\n\t\t\t<div class=\"elementor-widget-wrap elementor-element-populated\">\n\t\t\t\t\t\t<div class=\"elementor-element elementor-element-5f13fa2 elementor-widget elementor-widget-image\" data-id=\"5f13fa2\" data-element_type=\"widget\" data-widget_type=\"image.default\">\n\t\t\t\t<div class=\"elementor-widget-container\">\n\t\t\t<style>\/*! elementor - v3.20.0 - 13-03-2024 *\/\n.elementor-widget-image{text-align:center}.elementor-widget-image a{display:inline-block}.elementor-widget-image a img[src$=\".svg\"]{width:48px}.elementor-widget-image img{vertical-align:middle;display:inline-block}<\/style>\t\t\t\t\t\t\t\t\t\t<img fetchpriority=\"high\" decoding=\"async\" width=\"591\" height=\"844\" src=\"https:\/\/www.ahmetsancak.com\/wp-content\/uploads\/2022\/08\/sonsuza-yuerueyues.jpg\" class=\"attachment-large size-large wp-image-270\" alt=\"\" srcset=\"https:\/\/www.ahmetsancak.com\/wp-content\/uploads\/2022\/08\/sonsuza-yuerueyues.jpg 591w, https:\/\/www.ahmetsancak.com\/wp-content\/uploads\/2022\/08\/sonsuza-yuerueyues-210x300.jpg 210w\" sizes=\"(max-width: 591px) 100vw, 591px\" \/>\t\t\t\t\t\t\t\t\t\t\t\t\t<\/div>\n\t\t\t\t<\/div>\n\t\t\t\t<div class=\"elementor-element elementor-element-baa68ea elementor-widget elementor-widget-text-editor\" data-id=\"baa68ea\" data-element_type=\"widget\" data-widget_type=\"text-editor.default\">\n\t\t\t\t<div class=\"elementor-widget-container\">\n\t\t\t<style>\/*! elementor - v3.20.0 - 13-03-2024 *\/\n.elementor-widget-text-editor.elementor-drop-cap-view-stacked .elementor-drop-cap{background-color:#69727d;color:#fff}.elementor-widget-text-editor.elementor-drop-cap-view-framed .elementor-drop-cap{color:#69727d;border:3px solid;background-color:transparent}.elementor-widget-text-editor:not(.elementor-drop-cap-view-default) .elementor-drop-cap{margin-top:8px}.elementor-widget-text-editor:not(.elementor-drop-cap-view-default) .elementor-drop-cap-letter{width:1em;height:1em}.elementor-widget-text-editor .elementor-drop-cap{float:left;text-align:center;line-height:1;font-size:50px}.elementor-widget-text-editor .elementor-drop-cap-letter{display:inline-block}<\/style>\t\t\t\t<div class=\"wp-playlist wp-audio-playlist wp-playlist-light\">\n\t\t\t<div class=\"wp-playlist-current-item\"><\/div>\n\t\t<audio controls=\"controls\" preload=\"none\" width=\"778\"\n\t\t\t><\/audio>\n\t<div class=\"wp-playlist-next\"><\/div>\n\t<div class=\"wp-playlist-prev\"><\/div>\n\t<noscript>\n\t<ol>\n\t\t<li><a href='https:\/\/www.ahmetsancak.com\/wp-content\/uploads\/2020\/02\/05_ouloumsouzsarki.mp3'>\u00d6l\u00fcms\u00fcz \u015eark\u0131<\/a><\/li>\t<\/ol>\n\t<\/noscript>\n\t<script type=\"application\/json\" class=\"wp-playlist-script\">{\"type\":\"audio\",\"tracklist\":true,\"tracknumbers\":true,\"images\":true,\"artists\":true,\"tracks\":[{\"src\":\"https:\/\/www.ahmetsancak.com\/wp-content\/uploads\/2020\/02\/05_ouloumsouzsarki.mp3\",\"type\":\"audio\/mpeg\",\"title\":\"\\u00d6l\\u00fcms\\u00fcz \\u015eark\\u0131\",\"caption\":\"\",\"description\":\"\\u00d6l\\u00fcms\\u00fcz \\u015eark\\u0131\",\"meta\":{\"length_formatted\":\"4:13\"},\"image\":{\"src\":\"https:\/\/www.ahmetsancak.com\/wp-includes\/images\/media\/audio.svg\",\"width\":48,\"height\":64},\"thumb\":{\"src\":\"https:\/\/www.ahmetsancak.com\/wp-includes\/images\/media\/audio.svg\",\"width\":48,\"height\":64}}]}<\/script>\n<\/div>\n\t\t\t\t\t\t\t<\/div>\n\t\t\t\t<\/div>\n\t\t\t\t\t<\/div>\n\t\t<\/div>\n\t\t\t\t<div class=\"elementor-column elementor-col-50 elementor-inner-column elementor-element elementor-element-8fd1f2a\" data-id=\"8fd1f2a\" data-element_type=\"column\">\n\t\t\t<div class=\"elementor-widget-wrap elementor-element-populated\">\n\t\t\t\t\t\t<div class=\"elementor-element elementor-element-2b7293b elementor-widget elementor-widget-heading\" data-id=\"2b7293b\" data-element_type=\"widget\" data-widget_type=\"heading.default\">\n\t\t\t\t<div class=\"elementor-widget-container\">\n\t\t\t<h3 class=\"elementor-heading-title elementor-size-default\">\u00d6l\u00fcms\u00fcz \u015eark\u0131<\/h3>\t\t<\/div>\n\t\t\t\t<\/div>\n\t\t\t\t<div class=\"elementor-element elementor-element-e68dd86 elementor-widget elementor-widget-text-editor\" data-id=\"e68dd86\" data-element_type=\"widget\" data-widget_type=\"text-editor.default\">\n\t\t\t\t<div class=\"elementor-widget-container\">\n\t\t\t\t\t\t\t<p>Tutsak edilmi\u015f \u00f6zg\u00fcrl\u00fc\u011f\u00fcme<br \/>Bir \u015fark\u0131 s\u00f6ylemek istiyorum<br \/>Bu \u015fark\u0131n\u0131n ad\u0131; \u00f6zg\u00fcrl\u00fck olsun<\/p><p>Da\u011flardan gelir en sert r\u00fczg\u00e2r<br \/>Duman bo\u011far g\u00f6zlerimin feri<br \/>Mermi gibi s\u00f6zler y\u00fcre\u011fimde<br \/>G\u00f6mle\u011fimi delip ge\u00e7er<br \/>Ard\u0131mdan g\u00fcne\u015f girer i\u00e7eri<br \/>G\u00f6\u011fs\u00fcmde a\u00e7ar, \u00f6zg\u00fcrl\u00fck \u00e7ice\u011fi<\/p><p>Ey \u00f6l\u00fcms\u00fcz \u015fark\u0131, ey \u00f6zg\u00fcrl\u00fck<br \/>Ses telime ast\u0131lar seni<br \/>Damar\u0131mda kan, y\u00fcre\u011fimde ate\u015fsin<br \/>Bu \u015fark\u0131y\u0131 hep beraber s\u00f6yleyelim<br \/>Sesim bo\u015fa gitmesin<\/p><p>Bunca haks\u0131zl\u0131k, insanlar mutsuz<br \/>\u00d6zg\u00fcrl\u00fck ister insan, hi\u00e7 ku\u015fkusuz<br \/>Hakikatten ba\u011fr\u0131 yan\u0131k toplumuz<br \/>Cesarete yenik d\u00fc\u015fs\u00fcn korkumuz<\/p><p>Meydanlarda s\u00f6yleniyor \u00f6l\u00fcms\u00fcz \u015fark\u0131lar<br \/>S\u00f6zlerime prangalar, ezgilerim yasakl\u0131<br \/>Seni yitirmektense, ey \u00f6zg\u00fcrl\u00fck<br \/>Erdemdir \u00f6l\u00fcm bize, g\u00fcl\u00fcmsesin \u00e7ocuklar<\/p><p>Ya\u015fama duyarl\u0131 bir t\u00fcrk\u00fcm olsun<br \/>Titre\u015fir sesim, kalemim sars\u0131lmaz<br \/>Insanl\u0131k ad\u0131na ac\u0131lar\u0131 \u00e7eken benim<br \/>Kederli bir \u015fark\u0131 yazd\u0131m insanlara<\/p><p>\u015eark\u0131m\u0131z \u00f6zg\u00fcrl\u00fck olsun, silin g\u00f6zya\u015flar\u0131n\u0131z\u0131<br \/>Y\u00fcre\u011fime ac\u0131 bir melodi d\u00fc\u015ft\u00fc, beni yak\u0131p tutu\u015fturan<br \/>Sesimle sevi\u015fir ku\u015flar, b\u00fct\u00fcn dillerde yasakl\u0131y\u0131m<br \/>\u00d6l\u00fcms\u00fcz bir \u015fark\u0131 s\u00f6yler dudaklar\u0131m<\/p><p>Kelebek kanat\u0131nda yeni bir \u00fclke ar\u0131yorum<br \/>Dilsiz olmaya zorland\u0131m, susmasam, yak\u0131nd\u0131r \u00f6l\u00fcm\u00fcm<br \/>\u00dclkemde kayd\u0131m yok art\u0131k, gurbet ele s\u00fcrg\u00fcn\u00fcm<\/p><p>\u2013 ahmet sancak<\/p>\t\t\t\t\t\t<\/div>\n\t\t\t\t<\/div>\n\t\t\t\t\t<\/div>\n\t\t<\/div>\n\t\t\t\t\t<\/div>\n\t\t<\/section>\n\t\t\t\t\t<\/div>\n\t\t<\/div>\n\t\t\t\t\t<\/div>\n\t\t<\/section>\n\t\t\t\t<section class=\"elementor-section elementor-top-section elementor-element elementor-element-9abad3a elementor-section-boxed elementor-section-height-default elementor-section-height-default\" data-id=\"9abad3a\" data-element_type=\"section\">\n\t\t\t\t\t\t<div class=\"elementor-container elementor-column-gap-default\">\n\t\t\t\t\t<div class=\"elementor-column elementor-col-100 elementor-top-column elementor-element elementor-element-bd483ef\" data-id=\"bd483ef\" data-element_type=\"column\">\n\t\t\t<div class=\"elementor-widget-wrap elementor-element-populated\">\n\t\t\t\t\t\t<div class=\"elementor-element elementor-element-d5f5701 elementor-widget elementor-widget-video\" data-id=\"d5f5701\" data-element_type=\"widget\" data-settings=\"{&quot;youtube_url&quot;:&quot;https:\\\/\\\/youtu.be\\\/4LA4V8Wisbo&quot;,&quot;show_image_overlay&quot;:&quot;yes&quot;,&quot;image_overlay&quot;:{&quot;url&quot;:&quot;https:\\\/\\\/www.ahmetsancak.com\\\/wp-content\\\/uploads\\\/2022\\\/08\\\/youtube-cover.jpg&quot;,&quot;id&quot;:1492,&quot;size&quot;:&quot;&quot;,&quot;alt&quot;:&quot;&quot;,&quot;source&quot;:&quot;library&quot;},&quot;video_type&quot;:&quot;youtube&quot;,&quot;controls&quot;:&quot;yes&quot;}\" data-widget_type=\"video.default\">\n\t\t\t\t<div class=\"elementor-widget-container\">\n\t\t\t<style>\/*! elementor - v3.20.0 - 13-03-2024 *\/\n.elementor-widget-video .elementor-widget-container{overflow:hidden;transform:translateZ(0)}.elementor-widget-video .elementor-wrapper{aspect-ratio:var(--video-aspect-ratio)}.elementor-widget-video .elementor-wrapper iframe,.elementor-widget-video .elementor-wrapper video{height:100%;width:100%;display:flex;border:none;background-color:#000}@supports not (aspect-ratio:1\/1){.elementor-widget-video .elementor-wrapper{position:relative;overflow:hidden;height:0;padding-bottom:calc(100% \/ var(--video-aspect-ratio))}.elementor-widget-video .elementor-wrapper iframe,.elementor-widget-video .elementor-wrapper video{position:absolute;top:0;right:0;bottom:0;left:0}}.elementor-widget-video .elementor-open-inline .elementor-custom-embed-image-overlay{position:absolute;top:0;right:0;bottom:0;left:0;background-size:cover;background-position:50%}.elementor-widget-video .elementor-custom-embed-image-overlay{cursor:pointer;text-align:center}.elementor-widget-video .elementor-custom-embed-image-overlay:hover .elementor-custom-embed-play i{opacity:1}.elementor-widget-video .elementor-custom-embed-image-overlay img{display:block;width:100%;aspect-ratio:var(--video-aspect-ratio);-o-object-fit:cover;object-fit:cover;-o-object-position:center center;object-position:center center}@supports not (aspect-ratio:1\/1){.elementor-widget-video .elementor-custom-embed-image-overlay{position:relative;overflow:hidden;height:0;padding-bottom:calc(100% \/ var(--video-aspect-ratio))}.elementor-widget-video .elementor-custom-embed-image-overlay img{position:absolute;top:0;right:0;bottom:0;left:0}}.elementor-widget-video .e-hosted-video .elementor-video{-o-object-fit:cover;object-fit:cover}.e-con-inner>.elementor-widget-video,.e-con>.elementor-widget-video{width:var(--container-widget-width);--flex-grow:var(--container-widget-flex-grow)}<\/style>\t\t<div class=\"elementor-wrapper elementor-open-inline\">\n\t\t\t<div class=\"elementor-video\"><\/div>\t\t\t\t<div class=\"elementor-custom-embed-image-overlay\" style=\"background-image: url(https:\/\/www.ahmetsancak.com\/wp-content\/uploads\/2022\/08\/youtube-cover.jpg);\">\n\t\t\t\t\t\t\t\t\t\t\t\t\t\t\t\t<div class=\"elementor-custom-embed-play\" role=\"button\" aria-label=\"Play Video\" tabindex=\"0\">\n\t\t\t\t\t\t\t<i aria-hidden=\"true\" class=\"eicon-play\"><\/i>\t\t\t\t\t\t\t<span class=\"elementor-screen-only\">Play Video<\/span>\n\t\t\t\t\t\t<\/div>\n\t\t\t\t\t\t\t\t\t<\/div>\n\t\t\t\t\t<\/div>\n\t\t\t\t<\/div>\n\t\t\t\t<\/div>\n\t\t\t\t\t<\/div>\n\t\t<\/div>\n\t\t\t\t\t<\/div>\n\t\t<\/section>\n\t\t\t\t<\/div>\n\t\t","protected":false},"excerpt":{"rendered":"<p>Sonsuza Y\u00fcr\u00fcy\u00fc\u015f \u00d6l\u00fcms\u00fcz \u015eark\u0131 Tutsak edilmi\u015f \u00f6zg\u00fcrl\u00fc\u011f\u00fcmeBir \u015fark\u0131 s\u00f6ylemek istiyorumBu \u015fark\u0131n\u0131n ad\u0131; \u00f6zg\u00fcrl\u00fck olsun Da\u011flardan gelir en sert r\u00fczg\u00e2rDuman bo\u011far g\u00f6zlerimin feriMermi gibi s\u00f6zler y\u00fcre\u011fimdeG\u00f6mle\u011fimi delip ge\u00e7erArd\u0131mdan g\u00fcne\u015f girer i\u00e7eriG\u00f6\u011fs\u00fcmde a\u00e7ar, \u00f6zg\u00fcrl\u00fck \u00e7ice\u011fi Ey \u00f6l\u00fcms\u00fcz \u015fark\u0131, ey \u00f6zg\u00fcrl\u00fckSes telime ast\u0131lar seniDamar\u0131mda kan, y\u00fcre\u011fimde ate\u015fsinBu \u015fark\u0131y\u0131 hep beraber s\u00f6yleyelimSesim bo\u015fa gitmesin Bunca haks\u0131zl\u0131k, insanlar mutsuz\u00d6zg\u00fcrl\u00fck ister [&hellip;]<\/p>\n","protected":false},"author":1,"featured_media":0,"parent":0,"menu_order":0,"comment_status":"closed","ping_status":"closed","template":"elementor_header_footer","meta":{"footnotes":""},"class_list":["post-661","page","type-page","status-publish","hentry"],"_links":{"self":[{"href":"https:\/\/www.ahmetsancak.com\/biyografi\/wp-json\/wp\/v2\/pages\/661","targetHints":{"allow":["GET"]}}],"collection":[{"href":"https:\/\/www.ahmetsancak.com\/biyografi\/wp-json\/wp\/v2\/pages"}],"about":[{"href":"https:\/\/www.ahmetsancak.com\/biyografi\/wp-json\/wp\/v2\/types\/page"}],"author":[{"embeddable":true,"href":"https:\/\/www.ahmetsancak.com\/biyografi\/wp-json\/wp\/v2\/users\/1"}],"replies":[{"embeddable":true,"href":"https:\/\/www.ahmetsancak.com\/biyografi\/wp-json\/wp\/v2\/comments?post=661"}],"version-history":[{"count":37,"href":"https:\/\/www.ahmetsancak.com\/biyografi\/wp-json\/wp\/v2\/pages\/661\/revisions"}],"predecessor-version":[{"id":1498,"href":"https:\/\/www.ahmetsancak.com\/biyografi\/wp-json\/wp\/v2\/pages\/661\/revisions\/1498"}],"wp:attachment":[{"href":"https:\/\/www.ahmetsancak.com\/biyografi\/wp-json\/wp\/v2\/media?parent=661"}],"curies":[{"name":"wp","href":"https:\/\/api.w.org\/{rel}","templated":true}]}}