{"id":694,"date":"2022-08-10T17:43:11","date_gmt":"2022-08-10T15:43:11","guid":{"rendered":"https:\/\/media4people.com\/sancak\/?page_id=694"},"modified":"2022-08-10T17:54:05","modified_gmt":"2022-08-10T15:54:05","slug":"ort-ustume-sesini","status":"publish","type":"page","link":"https:\/\/www.ahmetsancak.com\/biyografi\/ort-ustume-sesini\/","title":{"rendered":"\u00d6rt \u00dcst\u00fcme Sesini"},"content":{"rendered":"\t\t<div data-elementor-type=\"wp-page\" data-elementor-id=\"694\" class=\"elementor elementor-694\" data-elementor-post-type=\"page\">\n\t\t\t\t\t\t<section class=\"elementor-section elementor-top-section elementor-element elementor-element-7d38ed51 elementor-section-boxed elementor-section-height-default elementor-section-height-default\" data-id=\"7d38ed51\" data-element_type=\"section\" data-settings=\"{&quot;background_background&quot;:&quot;classic&quot;}\">\n\t\t\t\t\t\t\t<div class=\"elementor-background-overlay\"><\/div>\n\t\t\t\t\t\t\t<div class=\"elementor-container elementor-column-gap-default\">\n\t\t\t\t\t<div class=\"elementor-column elementor-col-100 elementor-top-column elementor-element elementor-element-39b9207b\" data-id=\"39b9207b\" data-element_type=\"column\">\n\t\t\t<div class=\"elementor-widget-wrap elementor-element-populated\">\n\t\t\t\t\t\t<div class=\"elementor-element elementor-element-83e7bff elementor-widget elementor-widget-heading\" data-id=\"83e7bff\" data-element_type=\"widget\" data-widget_type=\"heading.default\">\n\t\t\t\t<div class=\"elementor-widget-container\">\n\t\t\t<style>\/*! elementor - v3.20.0 - 13-03-2024 *\/\n.elementor-heading-title{padding:0;margin:0;line-height:1}.elementor-widget-heading .elementor-heading-title[class*=elementor-size-]>a{color:inherit;font-size:inherit;line-height:inherit}.elementor-widget-heading .elementor-heading-title.elementor-size-small{font-size:15px}.elementor-widget-heading .elementor-heading-title.elementor-size-medium{font-size:19px}.elementor-widget-heading .elementor-heading-title.elementor-size-large{font-size:29px}.elementor-widget-heading .elementor-heading-title.elementor-size-xl{font-size:39px}.elementor-widget-heading .elementor-heading-title.elementor-size-xxl{font-size:59px}<\/style><h2 class=\"elementor-heading-title elementor-size-default\">\u00d6rt \u00dcst\u00fcme Sesini<\/h2>\t\t<\/div>\n\t\t\t\t<\/div>\n\t\t\t\t\t<\/div>\n\t\t<\/div>\n\t\t\t\t\t<\/div>\n\t\t<\/section>\n\t\t\t\t<section class=\"elementor-section elementor-top-section elementor-element elementor-element-6eaa85df elementor-section-boxed elementor-section-height-default elementor-section-height-default\" data-id=\"6eaa85df\" data-element_type=\"section\" data-settings=\"{&quot;background_background&quot;:&quot;classic&quot;}\">\n\t\t\t\t\t\t<div class=\"elementor-container elementor-column-gap-no\">\n\t\t\t\t\t<div class=\"elementor-column elementor-col-100 elementor-top-column elementor-element elementor-element-453492f8\" data-id=\"453492f8\" data-element_type=\"column\">\n\t\t\t<div class=\"elementor-widget-wrap elementor-element-populated\">\n\t\t\t\t\t\t<section class=\"elementor-section elementor-inner-section elementor-element elementor-element-ea5afcf elementor-section-boxed elementor-section-height-default elementor-section-height-default\" data-id=\"ea5afcf\" data-element_type=\"section\">\n\t\t\t\t\t\t<div class=\"elementor-container elementor-column-gap-default\">\n\t\t\t\t\t<div class=\"elementor-column elementor-col-50 elementor-inner-column elementor-element elementor-element-4b42d40\" data-id=\"4b42d40\" data-element_type=\"column\">\n\t\t\t<div class=\"elementor-widget-wrap elementor-element-populated\">\n\t\t\t\t\t\t<div class=\"elementor-element elementor-element-5f13fa2 elementor-widget elementor-widget-image\" data-id=\"5f13fa2\" data-element_type=\"widget\" data-widget_type=\"image.default\">\n\t\t\t\t<div class=\"elementor-widget-container\">\n\t\t\t<style>\/*! elementor - v3.20.0 - 13-03-2024 *\/\n.elementor-widget-image{text-align:center}.elementor-widget-image a{display:inline-block}.elementor-widget-image a img[src$=\".svg\"]{width:48px}.elementor-widget-image img{vertical-align:middle;display:inline-block}<\/style>\t\t\t\t\t\t\t\t\t\t<img fetchpriority=\"high\" decoding=\"async\" width=\"591\" height=\"844\" src=\"https:\/\/www.ahmetsancak.com\/wp-content\/uploads\/2022\/08\/oert-uestueme-sesini-1.jpg\" class=\"attachment-large size-large wp-image-292\" alt=\"\" srcset=\"https:\/\/www.ahmetsancak.com\/wp-content\/uploads\/2022\/08\/oert-uestueme-sesini-1.jpg 591w, https:\/\/www.ahmetsancak.com\/wp-content\/uploads\/2022\/08\/oert-uestueme-sesini-1-210x300.jpg 210w\" sizes=\"(max-width: 591px) 100vw, 591px\" \/>\t\t\t\t\t\t\t\t\t\t\t\t\t<\/div>\n\t\t\t\t<\/div>\n\t\t\t\t<div class=\"elementor-element elementor-element-baa68ea elementor-widget elementor-widget-text-editor\" data-id=\"baa68ea\" data-element_type=\"widget\" data-widget_type=\"text-editor.default\">\n\t\t\t\t<div class=\"elementor-widget-container\">\n\t\t\t<style>\/*! elementor - v3.20.0 - 13-03-2024 *\/\n.elementor-widget-text-editor.elementor-drop-cap-view-stacked .elementor-drop-cap{background-color:#69727d;color:#fff}.elementor-widget-text-editor.elementor-drop-cap-view-framed .elementor-drop-cap{color:#69727d;border:3px solid;background-color:transparent}.elementor-widget-text-editor:not(.elementor-drop-cap-view-default) .elementor-drop-cap{margin-top:8px}.elementor-widget-text-editor:not(.elementor-drop-cap-view-default) .elementor-drop-cap-letter{width:1em;height:1em}.elementor-widget-text-editor .elementor-drop-cap{float:left;text-align:center;line-height:1;font-size:50px}.elementor-widget-text-editor .elementor-drop-cap-letter{display:inline-block}<\/style>\t\t\t\t<div class=\"wp-playlist wp-audio-playlist wp-playlist-light\">\n\t\t\t<div class=\"wp-playlist-current-item\"><\/div>\n\t\t<audio controls=\"controls\" preload=\"none\" width=\"778\"\n\t\t\t><\/audio>\n\t<div class=\"wp-playlist-next\"><\/div>\n\t<div class=\"wp-playlist-prev\"><\/div>\n\t<noscript>\n\t<ol>\n\t\t<li><a href='https:\/\/www.ahmetsancak.com\/wp-content\/uploads\/2022\/08\/03-oertuestumesesini.mp3'>\u00d6RT \u00dcST\u00dcME SESINI<\/a><\/li>\t<\/ol>\n\t<\/noscript>\n\t<script type=\"application\/json\" class=\"wp-playlist-script\">{\"type\":\"audio\",\"tracklist\":true,\"tracknumbers\":true,\"images\":true,\"artists\":true,\"tracks\":[{\"src\":\"https:\/\/www.ahmetsancak.com\/wp-content\/uploads\/2022\/08\/03-oertuestumesesini.mp3\",\"type\":\"audio\/mpeg\",\"title\":\"\\u00d6RT \\u00dcST\\u00dcME SESINI\",\"caption\":\"\",\"description\":\"\\u00d6RT \\u00dcST\\u00dcME SESINI\\n\",\"meta\":{\"length_formatted\":\"4:27\"},\"image\":{\"src\":\"https:\/\/www.ahmetsancak.com\/wp-includes\/images\/media\/audio.svg\",\"width\":48,\"height\":64},\"thumb\":{\"src\":\"https:\/\/www.ahmetsancak.com\/wp-includes\/images\/media\/audio.svg\",\"width\":48,\"height\":64}}]}<\/script>\n<\/div>\n\t\t\t\t\t\t\t<\/div>\n\t\t\t\t<\/div>\n\t\t\t\t\t<\/div>\n\t\t<\/div>\n\t\t\t\t<div class=\"elementor-column elementor-col-50 elementor-inner-column elementor-element elementor-element-8fd1f2a\" data-id=\"8fd1f2a\" data-element_type=\"column\">\n\t\t\t<div class=\"elementor-widget-wrap elementor-element-populated\">\n\t\t\t\t\t\t<div class=\"elementor-element elementor-element-2b7293b elementor-widget elementor-widget-heading\" data-id=\"2b7293b\" data-element_type=\"widget\" data-widget_type=\"heading.default\">\n\t\t\t\t<div class=\"elementor-widget-container\">\n\t\t\t<h3 class=\"elementor-heading-title elementor-size-default\">\u00d6rt \u00dcst\u00fcme Sesini<\/h3>\t\t<\/div>\n\t\t\t\t<\/div>\n\t\t\t\t<div class=\"elementor-element elementor-element-e68dd86 elementor-widget elementor-widget-text-editor\" data-id=\"e68dd86\" data-element_type=\"widget\" data-widget_type=\"text-editor.default\">\n\t\t\t\t<div class=\"elementor-widget-container\">\n\t\t\t\t\t\t\t<p>Kendime yurt edinmi\u015ftim o evi, kula\u011f\u0131m al\u0131\u015f\u0131kt\u0131 o sese<br>Koynuma al\u0131r d\u0131\u015far\u0131 b\u0131rakmazd\u0131m, sar\u0131l\u0131r uyurdum sesine<br>Ah o sesin! su gibi ak\u0131p giden, b\u00fclb\u00fcle \u00f6d\u00fcn\u00e7 verdi\u011fin sesin<br>Ey benim g\u00fczel seslim, sesini duyur bana, konu\u015f benimle<\/p>\n<p>R\u00fcyamda ba\u015fka bir ses, beni uyar\u0131yordu, ayr\u0131l\u0131k var diye<br>Erkenden uyand\u0131m, al\u0131\u015ft\u0131\u011f\u0131m seste ayr\u0131l\u0131k yaras\u0131 vard\u0131<br>Ben;bu \u015fiiri yazd\u0131\u011f\u0131mda sen \u00f6lm\u00fc\u015ft\u00fcn,kan-ya\u015f\u0131 d\u00f6kt\u00fcm ard\u0131ndan<br>Sensizlik sarkt\u0131 odama, sesin kald\u0131 i\u00e7imde&#8230;<\/p>\n<p>Hi\u00e7bir ses bahara ta\u015f\u0131yamad\u0131 beni, k\u0131\u015f\u0131n\u0131 geri al, \u00fc\u015f\u00fcyorum<br>D\u00fc\u015f\u00fcnd\u00fck\u00e7e i\u00e7imde bir \u00fcrperti, kalan her \u015fey yabanc\u0131 bana<br>Sesin kokuyor her gece, a\u011fz\u0131n g\u00f6ky\u00fcz\u00fcndeki dolunay<br>Sa\u00e7lar\u0131mda hala parmak izlerin, nerede kald\u0131 o sesin?<\/p>\n<p>Susmak,kaderim oldu, yaln\u0131zl\u0131k b\u0131rakt\u0131n bana<br>Dilimi sende b\u0131rakt\u0131m, sesin yoksa \u00fc\u015f\u00fcyorum, \u00f6rt \u00fcst\u00fcme sesini<br>Ku\u015flar gibi erken u\u00e7tun gittin, kanatlar\u0131nda geri d\u00f6n\u00fclmez levhas\u0131<br>Sis gibi oturdu ayr\u0131l\u0131k ac\u0131s\u0131 i\u00e7ime, kapanmaz art\u0131k bu y\u00fcrek yaras\u0131<\/p>\n<p>&#8211; ahmet sancak<\/p>\n<p><a href=\"http:\/\/www.ahmetsancak.com\/category\/siirler\/\"><span class=\"st\">\u015e\u0130\u0130R K\u00d6\u015eES\u0130<\/span><\/a><\/p>\t\t\t\t\t\t<\/div>\n\t\t\t\t<\/div>\n\t\t\t\t\t<\/div>\n\t\t<\/div>\n\t\t\t\t\t<\/div>\n\t\t<\/section>\n\t\t\t\t\t<\/div>\n\t\t<\/div>\n\t\t\t\t\t<\/div>\n\t\t<\/section>\n\t\t\t\t<section class=\"elementor-section elementor-top-section elementor-element elementor-element-9abad3a elementor-section-boxed elementor-section-height-default elementor-section-height-default\" data-id=\"9abad3a\" data-element_type=\"section\">\n\t\t\t\t\t\t<div class=\"elementor-container elementor-column-gap-default\">\n\t\t\t\t\t<div class=\"elementor-column elementor-col-100 elementor-top-column elementor-element elementor-element-bd483ef\" data-id=\"bd483ef\" data-element_type=\"column\">\n\t\t\t<div class=\"elementor-widget-wrap elementor-element-populated\">\n\t\t\t\t\t\t<div class=\"elementor-element elementor-element-d5f5701 elementor-widget elementor-widget-video\" data-id=\"d5f5701\" data-element_type=\"widget\" data-settings=\"{&quot;youtube_url&quot;:&quot;https:\\\/\\\/youtu.be\\\/Hjtx9rH8m1o&quot;,&quot;video_type&quot;:&quot;youtube&quot;,&quot;controls&quot;:&quot;yes&quot;}\" data-widget_type=\"video.default\">\n\t\t\t\t<div class=\"elementor-widget-container\">\n\t\t\t<style>\/*! elementor - v3.20.0 - 13-03-2024 *\/\n.elementor-widget-video .elementor-widget-container{overflow:hidden;transform:translateZ(0)}.elementor-widget-video .elementor-wrapper{aspect-ratio:var(--video-aspect-ratio)}.elementor-widget-video .elementor-wrapper iframe,.elementor-widget-video .elementor-wrapper video{height:100%;width:100%;display:flex;border:none;background-color:#000}@supports not (aspect-ratio:1\/1){.elementor-widget-video .elementor-wrapper{position:relative;overflow:hidden;height:0;padding-bottom:calc(100% \/ var(--video-aspect-ratio))}.elementor-widget-video .elementor-wrapper iframe,.elementor-widget-video .elementor-wrapper video{position:absolute;top:0;right:0;bottom:0;left:0}}.elementor-widget-video .elementor-open-inline .elementor-custom-embed-image-overlay{position:absolute;top:0;right:0;bottom:0;left:0;background-size:cover;background-position:50%}.elementor-widget-video .elementor-custom-embed-image-overlay{cursor:pointer;text-align:center}.elementor-widget-video .elementor-custom-embed-image-overlay:hover .elementor-custom-embed-play i{opacity:1}.elementor-widget-video .elementor-custom-embed-image-overlay img{display:block;width:100%;aspect-ratio:var(--video-aspect-ratio);-o-object-fit:cover;object-fit:cover;-o-object-position:center center;object-position:center center}@supports not (aspect-ratio:1\/1){.elementor-widget-video .elementor-custom-embed-image-overlay{position:relative;overflow:hidden;height:0;padding-bottom:calc(100% \/ var(--video-aspect-ratio))}.elementor-widget-video .elementor-custom-embed-image-overlay img{position:absolute;top:0;right:0;bottom:0;left:0}}.elementor-widget-video .e-hosted-video .elementor-video{-o-object-fit:cover;object-fit:cover}.e-con-inner>.elementor-widget-video,.e-con>.elementor-widget-video{width:var(--container-widget-width);--flex-grow:var(--container-widget-flex-grow)}<\/style>\t\t<div class=\"elementor-wrapper elementor-open-inline\">\n\t\t\t<div class=\"elementor-video\"><\/div>\t\t<\/div>\n\t\t\t\t<\/div>\n\t\t\t\t<\/div>\n\t\t\t\t\t<\/div>\n\t\t<\/div>\n\t\t\t\t\t<\/div>\n\t\t<\/section>\n\t\t\t\t<\/div>\n\t\t","protected":false},"excerpt":{"rendered":"<p>\u00d6rt \u00dcst\u00fcme Sesini \u00d6rt \u00dcst\u00fcme Sesini Kendime yurt edinmi\u015ftim o evi, kula\u011f\u0131m al\u0131\u015f\u0131kt\u0131 o seseKoynuma al\u0131r d\u0131\u015far\u0131 b\u0131rakmazd\u0131m, sar\u0131l\u0131r uyurdum sesineAh o sesin! su gibi ak\u0131p giden, b\u00fclb\u00fcle \u00f6d\u00fcn\u00e7 verdi\u011fin sesinEy benim g\u00fczel seslim, sesini duyur bana, konu\u015f benimle R\u00fcyamda ba\u015fka bir ses, beni uyar\u0131yordu, ayr\u0131l\u0131k var diyeErkenden uyand\u0131m, al\u0131\u015ft\u0131\u011f\u0131m seste ayr\u0131l\u0131k yaras\u0131 vard\u0131Ben;bu \u015fiiri [&hellip;]<\/p>\n","protected":false},"author":1,"featured_media":0,"parent":0,"menu_order":0,"comment_status":"closed","ping_status":"closed","template":"elementor_header_footer","meta":{"footnotes":""},"class_list":["post-694","page","type-page","status-publish","hentry"],"_links":{"self":[{"href":"https:\/\/www.ahmetsancak.com\/biyografi\/wp-json\/wp\/v2\/pages\/694","targetHints":{"allow":["GET"]}}],"collection":[{"href":"https:\/\/www.ahmetsancak.com\/biyografi\/wp-json\/wp\/v2\/pages"}],"about":[{"href":"https:\/\/www.ahmetsancak.com\/biyografi\/wp-json\/wp\/v2\/types\/page"}],"author":[{"embeddable":true,"href":"https:\/\/www.ahmetsancak.com\/biyografi\/wp-json\/wp\/v2\/users\/1"}],"replies":[{"embeddable":true,"href":"https:\/\/www.ahmetsancak.com\/biyografi\/wp-json\/wp\/v2\/comments?post=694"}],"version-history":[{"count":10,"href":"https:\/\/www.ahmetsancak.com\/biyografi\/wp-json\/wp\/v2\/pages\/694\/revisions"}],"predecessor-version":[{"id":707,"href":"https:\/\/www.ahmetsancak.com\/biyografi\/wp-json\/wp\/v2\/pages\/694\/revisions\/707"}],"wp:attachment":[{"href":"https:\/\/www.ahmetsancak.com\/biyografi\/wp-json\/wp\/v2\/media?parent=694"}],"curies":[{"name":"wp","href":"https:\/\/api.w.org\/{rel}","templated":true}]}}